{"id":1153,"date":"2026-04-17T22:07:05","date_gmt":"2026-04-17T22:07:05","guid":{"rendered":"https:\/\/aescolalegal.com.br\/?page_id=1153"},"modified":"2026-04-24T21:28:48","modified_gmt":"2026-04-24T21:28:48","slug":"assinantes-2","status":"publish","type":"page","link":"https:\/\/aescolalegal.com.br\/?page_id=1153","title":{"rendered":"Assinantes &#8211; Apoiadores Aqui"},"content":{"rendered":"\n<h5 class=\"wp-block-heading has-text-align-center\"><em><strong>Preencha com seus dados, suas op\u00e7\u00f5es e comprovante do pix envie para<\/strong><\/em><br><br><br><strong>Escolha o tempo e o valor:<\/strong> <br><em>revistas@aescolalegal.com.br <\/em><br>*Trimestral: <strong>R$ 35<\/strong><br>*Semestral <strong>R$ 55<\/strong><br>*Anual <strong>R$ 80<\/strong> (22 cents\/dia)<br><br><em>Apoio <\/em>&#8211; <strong>R$ quanto quiser\/puder<\/strong>. <br><br><strong>PIX chave<\/strong>: <em><a href=\"aescolalegal@gmail.com\" target=\"_blank\" rel=\"noopener\" title=\"\">aescolalegal@gmail.com <\/a><\/em><\/h5>\n\n\n\n<p class=\"has-background\" style=\"background-color:#d7f1e9\">Preencha e envie para <em><a href=\"revistas@aescolalegal.com.br\" target=\"_blank\" rel=\"noopener nofollow\" title=\"\">revistas@aescolalegal.com.br <\/a><\/em><\/p>\n\n\n\n<p class=\"has-background\" id=\"AssinaturaCadastro\" style=\"background-color:#d7f1e9\">Com <strong><mark style=\"background-color:rgba(0, 0, 0, 0);color:#ea0202\" class=\"has-inline-color\">*<\/mark> obrigat\u00f3rio<\/strong><br><br><strong><mark style=\"background-color:rgba(0, 0, 0, 0);color:#ea0202\" class=\"has-inline-color\">*<\/mark><\/strong>Nome: _______________________________<br>Endere\u00e7o: ____________________________<br><strong><mark style=\"background-color:rgba(0, 0, 0, 0);color:#ea0202\" class=\"has-inline-color\">*<\/mark><\/strong>e-mail: _______________________________<br>Cidade: ______________________________<br>Telefone: ____________________________<br><strong><mark style=\"background-color:rgba(0, 0, 0, 0);color:#ea0202\" class=\"has-inline-color\">*<\/mark><\/strong>Profiss\u00e3o: ___________________________<br><br><strong><mark style=\"background-color:rgba(0, 0, 0, 0);color:#ea0202\" class=\"has-inline-color\">*<\/mark><\/strong>Minha Assinatura \u00e9:<\/p>\n\n\n\n<p>Se quiser <strong>apenas se cadastrar<\/strong> basta enviar seus dados para este e-mail: <strong><em><a href=\"mailto:revistas@aescolalegal.com.br\" target=\"_blank\" rel=\"noopener nofollow\" title=\"\">revistas@aescolalegal.com.br<\/a><\/em><\/strong><\/p>\n\n\n\n<p><\/p>\n","protected":false},"excerpt":{"rendered":"<p>Preencha com seus dados, suas op\u00e7\u00f5es e comprovante do pix envie para Escolha o tempo e o valor: revistas@aescolalegal.com.br *Trimestral: R$ 35*Semestral R$ 55*Anual R$ 80 (22 cents\/dia) Apoio &#8211; R$ quanto quiser\/puder. PIX chave: aescolalegal@gmail.com Preencha e envie para revistas@aescolalegal.com.br Com * obrigat\u00f3rio *Nome: _______________________________Endere\u00e7o: ____________________________*e-mail: _______________________________Cidade: ______________________________Telefone: ____________________________*Profiss\u00e3o: ___________________________ *Minha Assinatura \u00e9: Se [&hellip;]<\/p>\n","protected":false},"author":1,"featured_media":0,"parent":0,"menu_order":0,"comment_status":"closed","ping_status":"closed","template":"page-templates\/contact.php","meta":{"footnotes":""},"class_list":["post-1153","page","type-page","status-publish","hentry"],"yoast_head":"<!-- This site is optimized with the Yoast SEO plugin v27.5 - https:\/\/yoast.com\/product\/yoast-seo-wordpress\/ -->\n<title>Assinantes - Apoiadores Aqui - AEscolaLegal - Revistas de Educa\u00e7\u00e3o Ampla<\/title>\n<meta name=\"robots\" content=\"noindex, follow, max-snippet:-1, max-image-preview:large, max-video-preview:-1\" \/>\n<meta property=\"og:locale\" content=\"pt_PT\" \/>\n<meta property=\"og:type\" content=\"article\" \/>\n<meta property=\"og:title\" content=\"Assinantes - Apoiadores Aqui - AEscolaLegal - Revistas de Educa\u00e7\u00e3o Ampla\" \/>\n<meta property=\"og:description\" content=\"Preencha com seus dados, suas op\u00e7\u00f5es e comprovante do pix envie para Escolha o tempo e o valor: revistas@aescolalegal.com.br *Trimestral: R$ 35*Semestral R$ 55*Anual R$ 80 (22 cents\/dia) Apoio &#8211; R$ quanto quiser\/puder. PIX chave: aescolalegal@gmail.com Preencha e envie para revistas@aescolalegal.com.br Com * obrigat\u00f3rio *Nome: _______________________________Endere\u00e7o: ____________________________*e-mail: _______________________________Cidade: ______________________________Telefone: ____________________________*Profiss\u00e3o: ___________________________ *Minha Assinatura \u00e9: Se [&hellip;]\" \/>\n<meta property=\"og:url\" content=\"https:\/\/aescolalegal.com.br\/?page_id=1153\" \/>\n<meta property=\"og:site_name\" content=\"AEscolaLegal - Revistas de Educa\u00e7\u00e3o Ampla\" \/>\n<meta property=\"article:modified_time\" content=\"2026-04-24T21:28:48+00:00\" \/>\n<meta name=\"twitter:card\" content=\"summary_large_image\" \/>\n<script type=\"application\/ld+json\" class=\"yoast-schema-graph\">{\"@context\":\"https:\\\/\\\/schema.org\",\"@graph\":[{\"@type\":\"WebPage\",\"@id\":\"https:\\\/\\\/aescolalegal.com.br\\\/?page_id=1153\",\"url\":\"https:\\\/\\\/aescolalegal.com.br\\\/?page_id=1153\",\"name\":\"Assinantes - Apoiadores Aqui - AEscolaLegal - Revistas de Educa\u00e7\u00e3o Ampla\",\"isPartOf\":{\"@id\":\"https:\\\/\\\/aescolalegal.com.br\\\/#website\"},\"datePublished\":\"2026-04-17T22:07:05+00:00\",\"dateModified\":\"2026-04-24T21:28:48+00:00\",\"breadcrumb\":{\"@id\":\"https:\\\/\\\/aescolalegal.com.br\\\/?page_id=1153#breadcrumb\"},\"inLanguage\":\"pt-PT\",\"potentialAction\":[{\"@type\":\"ReadAction\",\"target\":[\"https:\\\/\\\/aescolalegal.com.br\\\/?page_id=1153\"]}]},{\"@type\":\"BreadcrumbList\",\"@id\":\"https:\\\/\\\/aescolalegal.com.br\\\/?page_id=1153#breadcrumb\",\"itemListElement\":[{\"@type\":\"ListItem\",\"position\":1,\"name\":\"In\u00edcio\",\"item\":\"https:\\\/\\\/aescolalegal.com.br\\\/\"},{\"@type\":\"ListItem\",\"position\":2,\"name\":\"Assinantes &#8211; Apoiadores Aqui\"}]},{\"@type\":\"WebSite\",\"@id\":\"https:\\\/\\\/aescolalegal.com.br\\\/#website\",\"url\":\"https:\\\/\\\/aescolalegal.com.br\\\/\",\"name\":\"AEscolaLegal - Revistas de Educa\u00e7\u00e3o Ampla\",\"description\":\"Revistas da Plataforma de Educa\u00e7\u00e3o Ampla, Ci\u00eancias e Cultura Sist\u00eamica.\",\"publisher\":{\"@id\":\"https:\\\/\\\/aescolalegal.com.br\\\/#organization\"},\"potentialAction\":[{\"@type\":\"SearchAction\",\"target\":{\"@type\":\"EntryPoint\",\"urlTemplate\":\"https:\\\/\\\/aescolalegal.com.br\\\/?s={search_term_string}\"},\"query-input\":{\"@type\":\"PropertyValueSpecification\",\"valueRequired\":true,\"valueName\":\"search_term_string\"}}],\"inLanguage\":\"pt-PT\"},{\"@type\":\"Organization\",\"@id\":\"https:\\\/\\\/aescolalegal.com.br\\\/#organization\",\"name\":\"AEscolaLegal - Revistas de Educa\u00e7\u00e3o Ampla\",\"url\":\"https:\\\/\\\/aescolalegal.com.br\\\/\",\"logo\":{\"@type\":\"ImageObject\",\"inLanguage\":\"pt-PT\",\"@id\":\"https:\\\/\\\/aescolalegal.com.br\\\/#\\\/schema\\\/logo\\\/image\\\/\",\"url\":\"https:\\\/\\\/aescolalegal.com.br\\\/wp-content\\\/uploads\\\/2026\\\/04\\\/cropped-cropped-logo-transparece-1.jpg\",\"contentUrl\":\"https:\\\/\\\/aescolalegal.com.br\\\/wp-content\\\/uploads\\\/2026\\\/04\\\/cropped-cropped-logo-transparece-1.jpg\",\"width\":368,\"height\":141,\"caption\":\"AEscolaLegal - Revistas de Educa\u00e7\u00e3o Ampla\"},\"image\":{\"@id\":\"https:\\\/\\\/aescolalegal.com.br\\\/#\\\/schema\\\/logo\\\/image\\\/\"}}]}<\/script>\n<!-- \/ Yoast SEO plugin. -->","yoast_head_json":{"title":"Assinantes - Apoiadores Aqui - AEscolaLegal - Revistas de Educa\u00e7\u00e3o Ampla","robots":{"index":"noindex","follow":"follow","max-snippet":"max-snippet:-1","max-image-preview":"max-image-preview:large","max-video-preview":"max-video-preview:-1"},"og_locale":"pt_PT","og_type":"article","og_title":"Assinantes - Apoiadores Aqui - AEscolaLegal - Revistas de Educa\u00e7\u00e3o Ampla","og_description":"Preencha com seus dados, suas op\u00e7\u00f5es e comprovante do pix envie para Escolha o tempo e o valor: revistas@aescolalegal.com.br *Trimestral: R$ 35*Semestral R$ 55*Anual R$ 80 (22 cents\/dia) Apoio &#8211; R$ quanto quiser\/puder. PIX chave: aescolalegal@gmail.com Preencha e envie para revistas@aescolalegal.com.br Com * obrigat\u00f3rio *Nome: _______________________________Endere\u00e7o: ____________________________*e-mail: _______________________________Cidade: ______________________________Telefone: ____________________________*Profiss\u00e3o: ___________________________ *Minha Assinatura \u00e9: Se [&hellip;]","og_url":"https:\/\/aescolalegal.com.br\/?page_id=1153","og_site_name":"AEscolaLegal - Revistas de Educa\u00e7\u00e3o Ampla","article_modified_time":"2026-04-24T21:28:48+00:00","twitter_card":"summary_large_image","schema":{"@context":"https:\/\/schema.org","@graph":[{"@type":"WebPage","@id":"https:\/\/aescolalegal.com.br\/?page_id=1153","url":"https:\/\/aescolalegal.com.br\/?page_id=1153","name":"Assinantes - Apoiadores Aqui - AEscolaLegal - Revistas de Educa\u00e7\u00e3o Ampla","isPartOf":{"@id":"https:\/\/aescolalegal.com.br\/#website"},"datePublished":"2026-04-17T22:07:05+00:00","dateModified":"2026-04-24T21:28:48+00:00","breadcrumb":{"@id":"https:\/\/aescolalegal.com.br\/?page_id=1153#breadcrumb"},"inLanguage":"pt-PT","potentialAction":[{"@type":"ReadAction","target":["https:\/\/aescolalegal.com.br\/?page_id=1153"]}]},{"@type":"BreadcrumbList","@id":"https:\/\/aescolalegal.com.br\/?page_id=1153#breadcrumb","itemListElement":[{"@type":"ListItem","position":1,"name":"In\u00edcio","item":"https:\/\/aescolalegal.com.br\/"},{"@type":"ListItem","position":2,"name":"Assinantes &#8211; Apoiadores Aqui"}]},{"@type":"WebSite","@id":"https:\/\/aescolalegal.com.br\/#website","url":"https:\/\/aescolalegal.com.br\/","name":"AEscolaLegal - Revistas de Educa\u00e7\u00e3o Ampla","description":"Revistas da Plataforma de Educa\u00e7\u00e3o Ampla, Ci\u00eancias e Cultura Sist\u00eamica.","publisher":{"@id":"https:\/\/aescolalegal.com.br\/#organization"},"potentialAction":[{"@type":"SearchAction","target":{"@type":"EntryPoint","urlTemplate":"https:\/\/aescolalegal.com.br\/?s={search_term_string}"},"query-input":{"@type":"PropertyValueSpecification","valueRequired":true,"valueName":"search_term_string"}}],"inLanguage":"pt-PT"},{"@type":"Organization","@id":"https:\/\/aescolalegal.com.br\/#organization","name":"AEscolaLegal - Revistas de Educa\u00e7\u00e3o Ampla","url":"https:\/\/aescolalegal.com.br\/","logo":{"@type":"ImageObject","inLanguage":"pt-PT","@id":"https:\/\/aescolalegal.com.br\/#\/schema\/logo\/image\/","url":"https:\/\/aescolalegal.com.br\/wp-content\/uploads\/2026\/04\/cropped-cropped-logo-transparece-1.jpg","contentUrl":"https:\/\/aescolalegal.com.br\/wp-content\/uploads\/2026\/04\/cropped-cropped-logo-transparece-1.jpg","width":368,"height":141,"caption":"AEscolaLegal - Revistas de Educa\u00e7\u00e3o Ampla"},"image":{"@id":"https:\/\/aescolalegal.com.br\/#\/schema\/logo\/image\/"}}]}},"_links":{"self":[{"href":"https:\/\/aescolalegal.com.br\/index.php?rest_route=\/wp\/v2\/pages\/1153","targetHints":{"allow":["GET"]}}],"collection":[{"href":"https:\/\/aescolalegal.com.br\/index.php?rest_route=\/wp\/v2\/pages"}],"about":[{"href":"https:\/\/aescolalegal.com.br\/index.php?rest_route=\/wp\/v2\/types\/page"}],"author":[{"embeddable":true,"href":"https:\/\/aescolalegal.com.br\/index.php?rest_route=\/wp\/v2\/users\/1"}],"replies":[{"embeddable":true,"href":"https:\/\/aescolalegal.com.br\/index.php?rest_route=%2Fwp%2Fv2%2Fcomments&post=1153"}],"version-history":[{"count":3,"href":"https:\/\/aescolalegal.com.br\/index.php?rest_route=\/wp\/v2\/pages\/1153\/revisions"}],"predecessor-version":[{"id":1308,"href":"https:\/\/aescolalegal.com.br\/index.php?rest_route=\/wp\/v2\/pages\/1153\/revisions\/1308"}],"wp:attachment":[{"href":"https:\/\/aescolalegal.com.br\/index.php?rest_route=%2Fwp%2Fv2%2Fmedia&parent=1153"}],"curies":[{"name":"wp","href":"https:\/\/api.w.org\/{rel}","templated":true}]}}