{"id":144,"date":"2026-04-10T17:47:39","date_gmt":"2026-04-10T17:47:39","guid":{"rendered":"https:\/\/aescolalegal.com.br\/?page_id=144"},"modified":"2026-04-10T17:47:39","modified_gmt":"2026-04-10T17:47:39","slug":"prof-dr-jose-manoel-f-goncalves","status":"publish","type":"page","link":"https:\/\/aescolalegal.com.br\/?page_id=144","title":{"rendered":"Prof. Dr. Jos\u00e9 Manoel F. Gon\u00e7alves"},"content":{"rendered":"","protected":false},"excerpt":{"rendered":"","protected":false},"author":1,"featured_media":0,"parent":0,"menu_order":0,"comment_status":"closed","ping_status":"closed","template":"","meta":{"footnotes":""},"class_list":["post-144","page","type-page","status-publish","hentry"],"yoast_head":"<!-- This site is optimized with the Yoast SEO plugin v27.5 - https:\/\/yoast.com\/product\/yoast-seo-wordpress\/ -->\n<title>Prof. Dr. Jos\u00e9 Manoel F. Gon\u00e7alves - AEscolaLegal - Revistas de Educa\u00e7\u00e3o Ampla<\/title>\n<meta name=\"robots\" content=\"noindex, follow, max-snippet:-1, max-image-preview:large, max-video-preview:-1\" \/>\n<meta property=\"og:locale\" content=\"pt_PT\" \/>\n<meta property=\"og:type\" content=\"article\" \/>\n<meta property=\"og:title\" content=\"Prof. Dr. Jos\u00e9 Manoel F. Gon\u00e7alves - AEscolaLegal - Revistas de Educa\u00e7\u00e3o Ampla\" \/>\n<meta property=\"og:url\" content=\"https:\/\/aescolalegal.com.br\/?page_id=144\" \/>\n<meta property=\"og:site_name\" content=\"AEscolaLegal - Revistas de Educa\u00e7\u00e3o Ampla\" \/>\n<meta name=\"twitter:card\" content=\"summary_large_image\" \/>\n<script type=\"application\/ld+json\" class=\"yoast-schema-graph\">{\"@context\":\"https:\\\/\\\/schema.org\",\"@graph\":[{\"@type\":\"WebPage\",\"@id\":\"https:\\\/\\\/aescolalegal.com.br\\\/?page_id=144\",\"url\":\"https:\\\/\\\/aescolalegal.com.br\\\/?page_id=144\",\"name\":\"Prof. Dr. Jos\u00e9 Manoel F. Gon\u00e7alves - AEscolaLegal - Revistas de Educa\u00e7\u00e3o Ampla\",\"isPartOf\":{\"@id\":\"https:\\\/\\\/aescolalegal.com.br\\\/#website\"},\"datePublished\":\"2026-04-10T17:47:39+00:00\",\"breadcrumb\":{\"@id\":\"https:\\\/\\\/aescolalegal.com.br\\\/?page_id=144#breadcrumb\"},\"inLanguage\":\"pt-PT\",\"potentialAction\":[{\"@type\":\"ReadAction\",\"target\":[\"https:\\\/\\\/aescolalegal.com.br\\\/?page_id=144\"]}]},{\"@type\":\"BreadcrumbList\",\"@id\":\"https:\\\/\\\/aescolalegal.com.br\\\/?page_id=144#breadcrumb\",\"itemListElement\":[{\"@type\":\"ListItem\",\"position\":1,\"name\":\"In\u00edcio\",\"item\":\"https:\\\/\\\/aescolalegal.com.br\\\/\"},{\"@type\":\"ListItem\",\"position\":2,\"name\":\"Prof. Dr. Jos\u00e9 Manoel F. Gon\u00e7alves\"}]},{\"@type\":\"WebSite\",\"@id\":\"https:\\\/\\\/aescolalegal.com.br\\\/#website\",\"url\":\"https:\\\/\\\/aescolalegal.com.br\\\/\",\"name\":\"AEscolaLegal - Revistas de Educa\u00e7\u00e3o Ampla\",\"description\":\"Revistas da Plataforma de Educa\u00e7\u00e3o Ampla, Ci\u00eancias e Cultura Sist\u00eamica.\",\"publisher\":{\"@id\":\"https:\\\/\\\/aescolalegal.com.br\\\/#organization\"},\"potentialAction\":[{\"@type\":\"SearchAction\",\"target\":{\"@type\":\"EntryPoint\",\"urlTemplate\":\"https:\\\/\\\/aescolalegal.com.br\\\/?s={search_term_string}\"},\"query-input\":{\"@type\":\"PropertyValueSpecification\",\"valueRequired\":true,\"valueName\":\"search_term_string\"}}],\"inLanguage\":\"pt-PT\"},{\"@type\":\"Organization\",\"@id\":\"https:\\\/\\\/aescolalegal.com.br\\\/#organization\",\"name\":\"AEscolaLegal - Revistas de Educa\u00e7\u00e3o Ampla\",\"url\":\"https:\\\/\\\/aescolalegal.com.br\\\/\",\"logo\":{\"@type\":\"ImageObject\",\"inLanguage\":\"pt-PT\",\"@id\":\"https:\\\/\\\/aescolalegal.com.br\\\/#\\\/schema\\\/logo\\\/image\\\/\",\"url\":\"https:\\\/\\\/aescolalegal.com.br\\\/wp-content\\\/uploads\\\/2026\\\/04\\\/cropped-cropped-logo-transparece-1.jpg\",\"contentUrl\":\"https:\\\/\\\/aescolalegal.com.br\\\/wp-content\\\/uploads\\\/2026\\\/04\\\/cropped-cropped-logo-transparece-1.jpg\",\"width\":368,\"height\":141,\"caption\":\"AEscolaLegal - Revistas de Educa\u00e7\u00e3o Ampla\"},\"image\":{\"@id\":\"https:\\\/\\\/aescolalegal.com.br\\\/#\\\/schema\\\/logo\\\/image\\\/\"}}]}<\/script>\n<!-- \/ Yoast SEO plugin. -->","yoast_head_json":{"title":"Prof. Dr. Jos\u00e9 Manoel F. Gon\u00e7alves - AEscolaLegal - Revistas de Educa\u00e7\u00e3o Ampla","robots":{"index":"noindex","follow":"follow","max-snippet":"max-snippet:-1","max-image-preview":"max-image-preview:large","max-video-preview":"max-video-preview:-1"},"og_locale":"pt_PT","og_type":"article","og_title":"Prof. Dr. Jos\u00e9 Manoel F. Gon\u00e7alves - AEscolaLegal - Revistas de Educa\u00e7\u00e3o Ampla","og_url":"https:\/\/aescolalegal.com.br\/?page_id=144","og_site_name":"AEscolaLegal - Revistas de Educa\u00e7\u00e3o Ampla","twitter_card":"summary_large_image","schema":{"@context":"https:\/\/schema.org","@graph":[{"@type":"WebPage","@id":"https:\/\/aescolalegal.com.br\/?page_id=144","url":"https:\/\/aescolalegal.com.br\/?page_id=144","name":"Prof. Dr. Jos\u00e9 Manoel F. Gon\u00e7alves - AEscolaLegal - Revistas de Educa\u00e7\u00e3o Ampla","isPartOf":{"@id":"https:\/\/aescolalegal.com.br\/#website"},"datePublished":"2026-04-10T17:47:39+00:00","breadcrumb":{"@id":"https:\/\/aescolalegal.com.br\/?page_id=144#breadcrumb"},"inLanguage":"pt-PT","potentialAction":[{"@type":"ReadAction","target":["https:\/\/aescolalegal.com.br\/?page_id=144"]}]},{"@type":"BreadcrumbList","@id":"https:\/\/aescolalegal.com.br\/?page_id=144#breadcrumb","itemListElement":[{"@type":"ListItem","position":1,"name":"In\u00edcio","item":"https:\/\/aescolalegal.com.br\/"},{"@type":"ListItem","position":2,"name":"Prof. Dr. Jos\u00e9 Manoel F. Gon\u00e7alves"}]},{"@type":"WebSite","@id":"https:\/\/aescolalegal.com.br\/#website","url":"https:\/\/aescolalegal.com.br\/","name":"AEscolaLegal - Revistas de Educa\u00e7\u00e3o Ampla","description":"Revistas da Plataforma de Educa\u00e7\u00e3o Ampla, Ci\u00eancias e Cultura Sist\u00eamica.","publisher":{"@id":"https:\/\/aescolalegal.com.br\/#organization"},"potentialAction":[{"@type":"SearchAction","target":{"@type":"EntryPoint","urlTemplate":"https:\/\/aescolalegal.com.br\/?s={search_term_string}"},"query-input":{"@type":"PropertyValueSpecification","valueRequired":true,"valueName":"search_term_string"}}],"inLanguage":"pt-PT"},{"@type":"Organization","@id":"https:\/\/aescolalegal.com.br\/#organization","name":"AEscolaLegal - Revistas de Educa\u00e7\u00e3o Ampla","url":"https:\/\/aescolalegal.com.br\/","logo":{"@type":"ImageObject","inLanguage":"pt-PT","@id":"https:\/\/aescolalegal.com.br\/#\/schema\/logo\/image\/","url":"https:\/\/aescolalegal.com.br\/wp-content\/uploads\/2026\/04\/cropped-cropped-logo-transparece-1.jpg","contentUrl":"https:\/\/aescolalegal.com.br\/wp-content\/uploads\/2026\/04\/cropped-cropped-logo-transparece-1.jpg","width":368,"height":141,"caption":"AEscolaLegal - Revistas de Educa\u00e7\u00e3o Ampla"},"image":{"@id":"https:\/\/aescolalegal.com.br\/#\/schema\/logo\/image\/"}}]}},"_links":{"self":[{"href":"https:\/\/aescolalegal.com.br\/index.php?rest_route=\/wp\/v2\/pages\/144","targetHints":{"allow":["GET"]}}],"collection":[{"href":"https:\/\/aescolalegal.com.br\/index.php?rest_route=\/wp\/v2\/pages"}],"about":[{"href":"https:\/\/aescolalegal.com.br\/index.php?rest_route=\/wp\/v2\/types\/page"}],"author":[{"embeddable":true,"href":"https:\/\/aescolalegal.com.br\/index.php?rest_route=\/wp\/v2\/users\/1"}],"replies":[{"embeddable":true,"href":"https:\/\/aescolalegal.com.br\/index.php?rest_route=%2Fwp%2Fv2%2Fcomments&post=144"}],"version-history":[{"count":1,"href":"https:\/\/aescolalegal.com.br\/index.php?rest_route=\/wp\/v2\/pages\/144\/revisions"}],"predecessor-version":[{"id":149,"href":"https:\/\/aescolalegal.com.br\/index.php?rest_route=\/wp\/v2\/pages\/144\/revisions\/149"}],"wp:attachment":[{"href":"https:\/\/aescolalegal.com.br\/index.php?rest_route=%2Fwp%2Fv2%2Fmedia&parent=144"}],"curies":[{"name":"wp","href":"https:\/\/api.w.org\/{rel}","templated":true}]}}