{"id":28,"date":"2026-04-09T00:47:12","date_gmt":"2026-04-09T00:47:12","guid":{"rendered":"https:\/\/aescolalegal.com.br\/colunistas\/"},"modified":"2026-05-11T19:15:11","modified_gmt":"2026-05-11T19:15:11","slug":"colunistas","status":"publish","type":"page","link":"https:\/\/aescolalegal.com.br\/?page_id=28","title":{"rendered":"Nossos Colunistas e suas Grandezas"},"content":{"rendered":"\n<div class=\"wp-block-group hostinger-ai-fade-up\" style=\"padding-top:var(--wp--preset--spacing--60);padding-bottom:var(--wp--preset--spacing--60)\"><div class=\"wp-block-group__inner-container is-layout-constrained wp-block-group-is-layout-constrained\">\n<h4 class=\"wp-block-heading has-text-align-center\"><strong>O editorial das revistas <em>AEscolaLegal <\/em>se compraz em trazer aos leitores um time de pensadores, intelectuais e acad\u00eamicos que articulam e enriquecem o debate sobre educa\u00e7\u00e3o, ci\u00eancias e cultura na sociedade. S\u00e3o pessoas de destaque em suas \u00e1reas de atua\u00e7\u00e3o e representam o melhor do pensamento anal\u00edtico e cr\u00edtico dentro das grandes universidade do pa\u00eds e do exterior.<\/strong><\/h4>\n\n\n\n<p class=\"has-text-align-right has-text-color has-link-color wp-elements-23c758fe82dc19048345191ad0eac41b\" style=\"color:#055137;font-size:17px\"><strong>Editor<\/strong><\/p>\n\n\n\n<p class=\"has-text-color has-link-color wp-elements-4d3acfc1e70082e1dba5ed7fd565c818\" style=\"color:#066643;font-size:15px\">S\u00e3o Paulo, 27\/04\/2026<br>3.3 Minutos.<\/p>\n\n\n\n<p>A principal fun\u00e7\u00e3o das nossas revistas \u00e9 a de trazer para seus leitores, de todos os n\u00edveis, assuntos e abordagens sobre temas que escapam das editorias dos jornal\u00f5es e do jornalismo televisivo. Sem contudo, se considerar melhor ou pior do que eles. Somos apenas diferentes, posto que embora n\u00e3o possamos abandonar o sistema e as rela\u00e7\u00f5es de depend\u00eancia do capital, n\u00e3o estamos atrelados a um \u00fanico modelo de perman\u00eancia no dito mercado. Somos a somat\u00f3ria de nossos esfor\u00e7os numa economia solid\u00e1ria e circular.<\/p>\n\n\n\n<p><em><a href=\"https:\/\/aescolalegal.com.br\/?page_id=63\" type=\"link\" id=\"https:\/\/aescolalegal.com.br\/?page_id=63\">Nossos colunistas <\/a><\/em>sabem disso e reafirmam suas diferen\u00e7as e as nossas, ainda que mantenham a independ\u00eancia de suas opini\u00f5es. Empresas e empres\u00e1rios progressistas, com esp\u00edrito democr\u00e1tico, republicano e ancorados em conceitos de justi\u00e7a social, respeito ao trabalho e \u00e0 dignidade humana. O estado de direito e os que querem construir espa\u00e7os sociais que representem estes valores, tamb\u00e9m est\u00e3o navegando na amplid\u00e3o  em sentido e dire\u00e7\u00f5es, ao nosso lado. N\u00e3o somos un\u00edssonos, somos discordantes, dissonantes em uma frente.<\/p>\n\n\n\n<p>Acreditamos que o conhecimento leva a verdade, e a verdade liberta. N\u00e3o como jarg\u00e3o pol\u00edtico partid\u00e1rio, mas como um ferramenta para conquistas atrav\u00e9s da Educa\u00e7\u00e3o. <em><a href=\"https:\/\/educacaointegral.org.br\/wp-content\/uploads\/2014\/10\/importancia_ato_ler.pdf\" target=\"_blank\" rel=\"noopener nofollow\" title=\"\">No dizer de Paulo Freire, li<\/a><\/em>bertadora. Educa\u00e7\u00e3o na base, nas crian\u00e7as, nos jovens, nos adultos que ainda querem aprender e avan\u00e7ar intelectualmente, espiritualmente nas diversas nuances de suas profiss\u00f5es e trabalhos. <\/p>\n\n\n\n<h6 class=\"wp-block-heading has-text-align-right has-text-color has-link-color has-small-font-size wp-elements-c0051cad1bf1646574797e1fc059f91a\" style=\"color:#e9f0f7\">Nossos Colunistas e suas Grandezas<\/h6>\n\n\n\n<p>Como diria Arist\u00f3teles, \u00e9 tamb\u00e9m pelo trabalho, bem realizado que o ser humano entende e alcan\u00e7a a felicidade. H\u00e1 outras considera\u00e7\u00f5es a fazer neste sentido, claro, mas ao experimentar o resultado de seus esfor\u00e7os cont\u00ednuos, di\u00e1rios e sentir seu progresso, e depois poder descansar, ler, estudar e praticar. <\/p>\n\n\n\n<p>Socializar e ver a sua fam\u00edlia, sua comunidade, sua cidade, o seu estado e o seu pa\u00eds funcionando apesar das suas contradi\u00e7\u00f5es, como fruto do esfor\u00e7o coletivo ele est\u00e1  apto e disposto a experienciar momentos de paz, conforto e dignidade. N\u00e3o \u00e9 o sonho de todos? Embora inalcan\u00e7\u00e1vel, este sentimento perdura e persiste no cora\u00e7\u00e3o dos que estudam,  fazem ci\u00eancia, praticam sua cultura em respeito a si e aos outros. Isso nos move \u00e0 frente. <\/p>\n\n\n\n<p>S\u00f3 um psicopata, ou um sociopata pretende o contr\u00e1rio, e quer s\u00f3 para si o resultado dos esfor\u00e7os de muitos. Para isso a Educa\u00e7\u00e3o serve, e bem. Facilita a percep\u00e7\u00e3o dos agentes nocivos da sociedade, e os desmascaram e sugere coloca-los em seus devidos lugares. A Ci\u00eancia avan\u00e7ou suficientemente nesta dire\u00e7\u00e3o, e por isso merece, precisa e deve ser levada a todos quantos a necessitam para quebrar padr\u00f5es antigos, dogm\u00e1ticos, o unilateralismo imposto e falsas ideias. Para isto a Cultura se desenvolve, se recria e se reveste de si mesma, essencialmente, a cada instante.<\/p>\n\n\n\n<p>Para isso, para cumprir esta tarefa, as <strong>Revistas da plataforma AEscolaLegal<\/strong> existem. E homenageia seus colunistas como os verdadeiros her\u00f3is desta anti cruzada pelo conhecimento. Vamos juntos?<\/p>\n\n\n\n<p class=\"has-text-color has-link-color has-small-font-size wp-elements-617e90c0acd674cfed3b55f4df04dd6c\" style=\"color:#e6edf7\">Nossos Colunistas e suas Grandezas<\/p>\n<\/div><\/div>\n\n\n\n<div class=\"wp-block-group alignfull hostinger-ai-gallery-5 hostinger-ai-fade-up\"><div class=\"wp-block-group__inner-container is-layout-flow wp-block-group-is-layout-flow\">\n<div class=\"wp-block-group hostinger-ai-fade-up\" style=\"margin-top:0;margin-bottom:var(--wp--preset--spacing--60)\"><div class=\"wp-block-group__inner-container is-layout-constrained wp-block-group-is-layout-constrained\">\n<div class=\"wp-block-columns alignwide is-layout-flex wp-container-core-columns-is-layout-9d6595d7 wp-block-columns-is-layout-flex\">\n<div class=\"wp-block-column is-layout-flow wp-block-column-is-layout-flow\" style=\"flex-basis:60%\"><\/div>\n<\/div>\n<\/div><\/div>\n<\/div><\/div>\n","protected":false},"excerpt":{"rendered":"<p>O editorial das revistas AEscolaLegal se compraz em trazer aos leitores um time de pensadores, intelectuais e acad\u00eamicos que articulam e enriquecem o debate sobre educa\u00e7\u00e3o, ci\u00eancias e cultura na sociedade. S\u00e3o pessoas de destaque em suas \u00e1reas de atua\u00e7\u00e3o e representam o melhor do pensamento anal\u00edtico e cr\u00edtico dentro das grandes universidade do pa\u00eds [&hellip;]<\/p>\n","protected":false},"author":1,"featured_media":2732,"parent":0,"menu_order":0,"comment_status":"closed","ping_status":"closed","template":"","meta":{"footnotes":""},"class_list":["post-28","page","type-page","status-publish","has-post-thumbnail","hentry"],"yoast_head":"<!-- This site is optimized with the Yoast SEO plugin v27.5 - https:\/\/yoast.com\/product\/yoast-seo-wordpress\/ -->\n<title>Nossos Colunistas e suas Grandezas - AEscolaLegal - Revistas de Educa\u00e7\u00e3o Ampla<\/title>\n<meta name=\"robots\" content=\"noindex, follow, max-snippet:-1, max-image-preview:large, max-video-preview:-1\" \/>\n<meta property=\"og:locale\" content=\"pt_PT\" \/>\n<meta property=\"og:type\" content=\"article\" \/>\n<meta property=\"og:title\" content=\"Nossos Colunistas e suas Grandezas - AEscolaLegal - Revistas de Educa\u00e7\u00e3o Ampla\" \/>\n<meta property=\"og:description\" content=\"O editorial das revistas AEscolaLegal se compraz em trazer aos leitores um time de pensadores, intelectuais e acad\u00eamicos que articulam e enriquecem o debate sobre educa\u00e7\u00e3o, ci\u00eancias e cultura na sociedade. S\u00e3o pessoas de destaque em suas \u00e1reas de atua\u00e7\u00e3o e representam o melhor do pensamento anal\u00edtico e cr\u00edtico dentro das grandes universidade do pa\u00eds [&hellip;]\" \/>\n<meta property=\"og:url\" content=\"https:\/\/aescolalegal.com.br\/?page_id=28\" \/>\n<meta property=\"og:site_name\" content=\"AEscolaLegal - Revistas de Educa\u00e7\u00e3o Ampla\" \/>\n<meta property=\"article:modified_time\" content=\"2026-05-11T19:15:11+00:00\" \/>\n<meta property=\"og:image\" content=\"https:\/\/aescolalegal.com.br\/wp-content\/uploads\/2026\/04\/colunista.jpg\" \/>\n\t<meta property=\"og:image:width\" content=\"1016\" \/>\n\t<meta property=\"og:image:height\" content=\"528\" \/>\n\t<meta property=\"og:image:type\" content=\"image\/jpeg\" \/>\n<meta name=\"twitter:card\" content=\"summary_large_image\" \/>\n<meta name=\"twitter:label1\" content=\"Tempo estimado de leitura\" \/>\n\t<meta name=\"twitter:data1\" content=\"4 minutos\" \/>\n<script type=\"application\/ld+json\" class=\"yoast-schema-graph\">{\"@context\":\"https:\\\/\\\/schema.org\",\"@graph\":[{\"@type\":\"WebPage\",\"@id\":\"https:\\\/\\\/aescolalegal.com.br\\\/?page_id=28\",\"url\":\"https:\\\/\\\/aescolalegal.com.br\\\/?page_id=28\",\"name\":\"Nossos Colunistas e suas Grandezas - AEscolaLegal - Revistas de Educa\u00e7\u00e3o Ampla\",\"isPartOf\":{\"@id\":\"https:\\\/\\\/aescolalegal.com.br\\\/#website\"},\"primaryImageOfPage\":{\"@id\":\"https:\\\/\\\/aescolalegal.com.br\\\/?page_id=28#primaryimage\"},\"image\":{\"@id\":\"https:\\\/\\\/aescolalegal.com.br\\\/?page_id=28#primaryimage\"},\"thumbnailUrl\":\"https:\\\/\\\/aescolalegal.com.br\\\/wp-content\\\/uploads\\\/2026\\\/04\\\/colunista.jpg\",\"datePublished\":\"2026-04-09T00:47:12+00:00\",\"dateModified\":\"2026-05-11T19:15:11+00:00\",\"breadcrumb\":{\"@id\":\"https:\\\/\\\/aescolalegal.com.br\\\/?page_id=28#breadcrumb\"},\"inLanguage\":\"pt-PT\",\"potentialAction\":[{\"@type\":\"ReadAction\",\"target\":[\"https:\\\/\\\/aescolalegal.com.br\\\/?page_id=28\"]}]},{\"@type\":\"ImageObject\",\"inLanguage\":\"pt-PT\",\"@id\":\"https:\\\/\\\/aescolalegal.com.br\\\/?page_id=28#primaryimage\",\"url\":\"https:\\\/\\\/aescolalegal.com.br\\\/wp-content\\\/uploads\\\/2026\\\/04\\\/colunista.jpg\",\"contentUrl\":\"https:\\\/\\\/aescolalegal.com.br\\\/wp-content\\\/uploads\\\/2026\\\/04\\\/colunista.jpg\",\"width\":1016,\"height\":528,\"caption\":\"Colunistas e suas grandezas\"},{\"@type\":\"BreadcrumbList\",\"@id\":\"https:\\\/\\\/aescolalegal.com.br\\\/?page_id=28#breadcrumb\",\"itemListElement\":[{\"@type\":\"ListItem\",\"position\":1,\"name\":\"In\u00edcio\",\"item\":\"https:\\\/\\\/aescolalegal.com.br\\\/\"},{\"@type\":\"ListItem\",\"position\":2,\"name\":\"Nossos Colunistas e suas Grandezas\"}]},{\"@type\":\"WebSite\",\"@id\":\"https:\\\/\\\/aescolalegal.com.br\\\/#website\",\"url\":\"https:\\\/\\\/aescolalegal.com.br\\\/\",\"name\":\"AEscolaLegal - Revistas de Educa\u00e7\u00e3o Ampla\",\"description\":\"Revistas da Plataforma de Educa\u00e7\u00e3o Ampla, Ci\u00eancias e Cultura Sist\u00eamica.\",\"publisher\":{\"@id\":\"https:\\\/\\\/aescolalegal.com.br\\\/#organization\"},\"potentialAction\":[{\"@type\":\"SearchAction\",\"target\":{\"@type\":\"EntryPoint\",\"urlTemplate\":\"https:\\\/\\\/aescolalegal.com.br\\\/?s={search_term_string}\"},\"query-input\":{\"@type\":\"PropertyValueSpecification\",\"valueRequired\":true,\"valueName\":\"search_term_string\"}}],\"inLanguage\":\"pt-PT\"},{\"@type\":\"Organization\",\"@id\":\"https:\\\/\\\/aescolalegal.com.br\\\/#organization\",\"name\":\"AEscolaLegal - Revistas de Educa\u00e7\u00e3o Ampla\",\"url\":\"https:\\\/\\\/aescolalegal.com.br\\\/\",\"logo\":{\"@type\":\"ImageObject\",\"inLanguage\":\"pt-PT\",\"@id\":\"https:\\\/\\\/aescolalegal.com.br\\\/#\\\/schema\\\/logo\\\/image\\\/\",\"url\":\"https:\\\/\\\/aescolalegal.com.br\\\/wp-content\\\/uploads\\\/2026\\\/04\\\/cropped-cropped-logo-transparece-1.jpg\",\"contentUrl\":\"https:\\\/\\\/aescolalegal.com.br\\\/wp-content\\\/uploads\\\/2026\\\/04\\\/cropped-cropped-logo-transparece-1.jpg\",\"width\":368,\"height\":141,\"caption\":\"AEscolaLegal - Revistas de Educa\u00e7\u00e3o Ampla\"},\"image\":{\"@id\":\"https:\\\/\\\/aescolalegal.com.br\\\/#\\\/schema\\\/logo\\\/image\\\/\"}}]}<\/script>\n<!-- \/ Yoast SEO plugin. -->","yoast_head_json":{"title":"Nossos Colunistas e suas Grandezas - AEscolaLegal - Revistas de Educa\u00e7\u00e3o Ampla","robots":{"index":"noindex","follow":"follow","max-snippet":"max-snippet:-1","max-image-preview":"max-image-preview:large","max-video-preview":"max-video-preview:-1"},"og_locale":"pt_PT","og_type":"article","og_title":"Nossos Colunistas e suas Grandezas - AEscolaLegal - Revistas de Educa\u00e7\u00e3o Ampla","og_description":"O editorial das revistas AEscolaLegal se compraz em trazer aos leitores um time de pensadores, intelectuais e acad\u00eamicos que articulam e enriquecem o debate sobre educa\u00e7\u00e3o, ci\u00eancias e cultura na sociedade. S\u00e3o pessoas de destaque em suas \u00e1reas de atua\u00e7\u00e3o e representam o melhor do pensamento anal\u00edtico e cr\u00edtico dentro das grandes universidade do pa\u00eds [&hellip;]","og_url":"https:\/\/aescolalegal.com.br\/?page_id=28","og_site_name":"AEscolaLegal - Revistas de Educa\u00e7\u00e3o Ampla","article_modified_time":"2026-05-11T19:15:11+00:00","og_image":[{"width":1016,"height":528,"url":"https:\/\/aescolalegal.com.br\/wp-content\/uploads\/2026\/04\/colunista.jpg","type":"image\/jpeg"}],"twitter_card":"summary_large_image","twitter_misc":{"Tempo estimado de leitura":"4 minutos"},"schema":{"@context":"https:\/\/schema.org","@graph":[{"@type":"WebPage","@id":"https:\/\/aescolalegal.com.br\/?page_id=28","url":"https:\/\/aescolalegal.com.br\/?page_id=28","name":"Nossos Colunistas e suas Grandezas - AEscolaLegal - Revistas de Educa\u00e7\u00e3o Ampla","isPartOf":{"@id":"https:\/\/aescolalegal.com.br\/#website"},"primaryImageOfPage":{"@id":"https:\/\/aescolalegal.com.br\/?page_id=28#primaryimage"},"image":{"@id":"https:\/\/aescolalegal.com.br\/?page_id=28#primaryimage"},"thumbnailUrl":"https:\/\/aescolalegal.com.br\/wp-content\/uploads\/2026\/04\/colunista.jpg","datePublished":"2026-04-09T00:47:12+00:00","dateModified":"2026-05-11T19:15:11+00:00","breadcrumb":{"@id":"https:\/\/aescolalegal.com.br\/?page_id=28#breadcrumb"},"inLanguage":"pt-PT","potentialAction":[{"@type":"ReadAction","target":["https:\/\/aescolalegal.com.br\/?page_id=28"]}]},{"@type":"ImageObject","inLanguage":"pt-PT","@id":"https:\/\/aescolalegal.com.br\/?page_id=28#primaryimage","url":"https:\/\/aescolalegal.com.br\/wp-content\/uploads\/2026\/04\/colunista.jpg","contentUrl":"https:\/\/aescolalegal.com.br\/wp-content\/uploads\/2026\/04\/colunista.jpg","width":1016,"height":528,"caption":"Colunistas e suas grandezas"},{"@type":"BreadcrumbList","@id":"https:\/\/aescolalegal.com.br\/?page_id=28#breadcrumb","itemListElement":[{"@type":"ListItem","position":1,"name":"In\u00edcio","item":"https:\/\/aescolalegal.com.br\/"},{"@type":"ListItem","position":2,"name":"Nossos Colunistas e suas Grandezas"}]},{"@type":"WebSite","@id":"https:\/\/aescolalegal.com.br\/#website","url":"https:\/\/aescolalegal.com.br\/","name":"AEscolaLegal - Revistas de Educa\u00e7\u00e3o Ampla","description":"Revistas da Plataforma de Educa\u00e7\u00e3o Ampla, Ci\u00eancias e Cultura Sist\u00eamica.","publisher":{"@id":"https:\/\/aescolalegal.com.br\/#organization"},"potentialAction":[{"@type":"SearchAction","target":{"@type":"EntryPoint","urlTemplate":"https:\/\/aescolalegal.com.br\/?s={search_term_string}"},"query-input":{"@type":"PropertyValueSpecification","valueRequired":true,"valueName":"search_term_string"}}],"inLanguage":"pt-PT"},{"@type":"Organization","@id":"https:\/\/aescolalegal.com.br\/#organization","name":"AEscolaLegal - Revistas de Educa\u00e7\u00e3o Ampla","url":"https:\/\/aescolalegal.com.br\/","logo":{"@type":"ImageObject","inLanguage":"pt-PT","@id":"https:\/\/aescolalegal.com.br\/#\/schema\/logo\/image\/","url":"https:\/\/aescolalegal.com.br\/wp-content\/uploads\/2026\/04\/cropped-cropped-logo-transparece-1.jpg","contentUrl":"https:\/\/aescolalegal.com.br\/wp-content\/uploads\/2026\/04\/cropped-cropped-logo-transparece-1.jpg","width":368,"height":141,"caption":"AEscolaLegal - Revistas de Educa\u00e7\u00e3o Ampla"},"image":{"@id":"https:\/\/aescolalegal.com.br\/#\/schema\/logo\/image\/"}}]}},"_links":{"self":[{"href":"https:\/\/aescolalegal.com.br\/index.php?rest_route=\/wp\/v2\/pages\/28","targetHints":{"allow":["GET"]}}],"collection":[{"href":"https:\/\/aescolalegal.com.br\/index.php?rest_route=\/wp\/v2\/pages"}],"about":[{"href":"https:\/\/aescolalegal.com.br\/index.php?rest_route=\/wp\/v2\/types\/page"}],"author":[{"embeddable":true,"href":"https:\/\/aescolalegal.com.br\/index.php?rest_route=\/wp\/v2\/users\/1"}],"replies":[{"embeddable":true,"href":"https:\/\/aescolalegal.com.br\/index.php?rest_route=%2Fwp%2Fv2%2Fcomments&post=28"}],"version-history":[{"count":3,"href":"https:\/\/aescolalegal.com.br\/index.php?rest_route=\/wp\/v2\/pages\/28\/revisions"}],"predecessor-version":[{"id":3047,"href":"https:\/\/aescolalegal.com.br\/index.php?rest_route=\/wp\/v2\/pages\/28\/revisions\/3047"}],"wp:featuredmedia":[{"embeddable":true,"href":"https:\/\/aescolalegal.com.br\/index.php?rest_route=\/wp\/v2\/media\/2732"}],"wp:attachment":[{"href":"https:\/\/aescolalegal.com.br\/index.php?rest_route=%2Fwp%2Fv2%2Fmedia&parent=28"}],"curies":[{"name":"wp","href":"https:\/\/api.w.org\/{rel}","templated":true}]}}