{"id":3000,"date":"2026-05-10T22:11:54","date_gmt":"2026-05-10T22:11:54","guid":{"rendered":"https:\/\/aescolalegal.com.br\/?page_id=3000"},"modified":"2026-05-10T22:11:54","modified_gmt":"2026-05-10T22:11:54","slug":"elas-escrevem-nos-publicamos","status":"publish","type":"page","link":"https:\/\/aescolalegal.com.br\/?page_id=3000","title":{"rendered":"Elas escrevem. N\u00f3s publicamos"},"content":{"rendered":"\n<p><strong><em>Este \u00e9 um servi\u00e7o quase de gra\u00e7a para escritoras.<\/em><\/strong><br>Sim, quase porque cobramos a exorbitante quantia de R$ 50 para divulgar seu livro em nossa plataforma. Tudo o que voc\u00ea, escritora, ou amiga(o) da escritora tem a fazer \u00e9 nos enviar alguns dados.<br>S\u00e3o estes: <br><em>o seu nome e o seu email.<br>o nome da escritora, o nome do livro dela, a editora, o ano de lan\u00e7amento, o g\u00eanero, uma foto da capa, o pre\u00e7o do exemplar e onde pode ser adquirido. <\/em><\/p>\n\n\n\n<p class=\"has-background\" style=\"background-color:#daeee6\">Envie tudo para o e-mail <em><a href=\"mailto:redacao@aescolalegal.com.br\" target=\"_blank\" rel=\"noreferrer noopener\">redacao@aescolalegal.com.br<\/a><\/em>  com o comprovante do pix no valor de R$ 50 &#8211; <br><strong>chave PIX: 03917472821<\/strong><br>Assim que confirmado em at\u00e9 2 dias voc\u00ea j\u00e1 pode divulgar e tamb\u00e9m enviar para ela o <em>link da revista <\/em>onde o livro ser\u00e1 divulgado, com este recado se quiser:<br><strong>&#8220;Oi, fiquei t\u00e3o feliz com o seu livro que decidi divulga-lo para voc\u00ea. Parab\u00e9ns, voc\u00ea merece!&#8221;<\/strong><\/p>\n\n\n<div class=\"wp-block-image\">\n<figure class=\"aligncenter size-full\"><img  title=\"\" loading=\"lazy\" decoding=\"async\" width=\"334\" height=\"152\" src=\"https:\/\/aescolalegal.com.br\/wp-content\/uploads\/2026\/05\/elas-escrevem-1.jpg\"  alt=\"elas-escrevem-1 Elas escrevem. N\u00f3s publicamos\"  class=\"wp-image-3001\" srcset=\"https:\/\/aescolalegal.com.br\/wp-content\/uploads\/2026\/05\/elas-escrevem-1.jpg 334w, https:\/\/aescolalegal.com.br\/wp-content\/uploads\/2026\/05\/elas-escrevem-1-300x137.jpg 300w\" sizes=\"auto, (max-width: 334px) 100vw, 334px\" \/><\/figure>\n<\/div>\n\n\n<p><\/p>\n","protected":false},"excerpt":{"rendered":"<p>Este \u00e9 um servi\u00e7o quase de gra\u00e7a para escritoras.Sim, quase porque cobramos a exorbitante quantia de R$ 50 para divulgar seu livro em nossa plataforma. Tudo o que voc\u00ea, escritora, ou amiga(o) da escritora tem a fazer \u00e9 nos enviar alguns dados.S\u00e3o estes: o seu nome e o seu email.o nome da escritora, o nome [&hellip;]<\/p>\n","protected":false},"author":1,"featured_media":0,"parent":0,"menu_order":0,"comment_status":"closed","ping_status":"closed","template":"","meta":{"footnotes":""},"class_list":["post-3000","page","type-page","status-publish","hentry"],"yoast_head":"<!-- This site is optimized with the Yoast SEO plugin v27.5 - https:\/\/yoast.com\/product\/yoast-seo-wordpress\/ -->\n<title>Elas escrevem. N\u00f3s publicamos - AEscolaLegal - Revistas de Educa\u00e7\u00e3o Ampla<\/title>\n<meta name=\"robots\" content=\"noindex, follow, max-snippet:-1, max-image-preview:large, max-video-preview:-1\" \/>\n<meta property=\"og:locale\" content=\"pt_PT\" \/>\n<meta property=\"og:type\" content=\"article\" \/>\n<meta property=\"og:title\" content=\"Elas escrevem. N\u00f3s publicamos - AEscolaLegal - Revistas de Educa\u00e7\u00e3o Ampla\" \/>\n<meta property=\"og:description\" content=\"Este \u00e9 um servi\u00e7o quase de gra\u00e7a para escritoras.Sim, quase porque cobramos a exorbitante quantia de R$ 50 para divulgar seu livro em nossa plataforma. Tudo o que voc\u00ea, escritora, ou amiga(o) da escritora tem a fazer \u00e9 nos enviar alguns dados.S\u00e3o estes: o seu nome e o seu email.o nome da escritora, o nome [&hellip;]\" \/>\n<meta property=\"og:url\" content=\"https:\/\/aescolalegal.com.br\/?page_id=3000\" \/>\n<meta property=\"og:site_name\" content=\"AEscolaLegal - Revistas de Educa\u00e7\u00e3o Ampla\" \/>\n<meta property=\"og:image\" content=\"https:\/\/aescolalegal.com.br\/wp-content\/uploads\/2026\/05\/elas-escrevem-1.jpg\" \/>\n\t<meta property=\"og:image:width\" content=\"334\" \/>\n\t<meta property=\"og:image:height\" content=\"152\" \/>\n\t<meta property=\"og:image:type\" content=\"image\/jpeg\" \/>\n<meta name=\"twitter:card\" content=\"summary_large_image\" \/>\n<meta name=\"twitter:label1\" content=\"Tempo estimado de leitura\" \/>\n\t<meta name=\"twitter:data1\" content=\"2 minutos\" \/>\n<script type=\"application\/ld+json\" class=\"yoast-schema-graph\">{\"@context\":\"https:\\\/\\\/schema.org\",\"@graph\":[{\"@type\":\"WebPage\",\"@id\":\"https:\\\/\\\/aescolalegal.com.br\\\/?page_id=3000\",\"url\":\"https:\\\/\\\/aescolalegal.com.br\\\/?page_id=3000\",\"name\":\"Elas escrevem. N\u00f3s publicamos - AEscolaLegal - Revistas de Educa\u00e7\u00e3o Ampla\",\"isPartOf\":{\"@id\":\"https:\\\/\\\/aescolalegal.com.br\\\/#website\"},\"primaryImageOfPage\":{\"@id\":\"https:\\\/\\\/aescolalegal.com.br\\\/?page_id=3000#primaryimage\"},\"image\":{\"@id\":\"https:\\\/\\\/aescolalegal.com.br\\\/?page_id=3000#primaryimage\"},\"thumbnailUrl\":\"https:\\\/\\\/aescolalegal.com.br\\\/wp-content\\\/uploads\\\/2026\\\/05\\\/elas-escrevem-1.jpg\",\"datePublished\":\"2026-05-10T22:11:54+00:00\",\"breadcrumb\":{\"@id\":\"https:\\\/\\\/aescolalegal.com.br\\\/?page_id=3000#breadcrumb\"},\"inLanguage\":\"pt-PT\",\"potentialAction\":[{\"@type\":\"ReadAction\",\"target\":[\"https:\\\/\\\/aescolalegal.com.br\\\/?page_id=3000\"]}]},{\"@type\":\"ImageObject\",\"inLanguage\":\"pt-PT\",\"@id\":\"https:\\\/\\\/aescolalegal.com.br\\\/?page_id=3000#primaryimage\",\"url\":\"https:\\\/\\\/aescolalegal.com.br\\\/wp-content\\\/uploads\\\/2026\\\/05\\\/elas-escrevem-1.jpg\",\"contentUrl\":\"https:\\\/\\\/aescolalegal.com.br\\\/wp-content\\\/uploads\\\/2026\\\/05\\\/elas-escrevem-1.jpg\",\"width\":334,\"height\":152},{\"@type\":\"BreadcrumbList\",\"@id\":\"https:\\\/\\\/aescolalegal.com.br\\\/?page_id=3000#breadcrumb\",\"itemListElement\":[{\"@type\":\"ListItem\",\"position\":1,\"name\":\"In\u00edcio\",\"item\":\"https:\\\/\\\/aescolalegal.com.br\\\/\"},{\"@type\":\"ListItem\",\"position\":2,\"name\":\"Elas escrevem. N\u00f3s publicamos\"}]},{\"@type\":\"WebSite\",\"@id\":\"https:\\\/\\\/aescolalegal.com.br\\\/#website\",\"url\":\"https:\\\/\\\/aescolalegal.com.br\\\/\",\"name\":\"AEscolaLegal - Revistas de Educa\u00e7\u00e3o Ampla\",\"description\":\"Revistas da Plataforma de Educa\u00e7\u00e3o Ampla, Ci\u00eancias e Cultura Sist\u00eamica.\",\"publisher\":{\"@id\":\"https:\\\/\\\/aescolalegal.com.br\\\/#organization\"},\"potentialAction\":[{\"@type\":\"SearchAction\",\"target\":{\"@type\":\"EntryPoint\",\"urlTemplate\":\"https:\\\/\\\/aescolalegal.com.br\\\/?s={search_term_string}\"},\"query-input\":{\"@type\":\"PropertyValueSpecification\",\"valueRequired\":true,\"valueName\":\"search_term_string\"}}],\"inLanguage\":\"pt-PT\"},{\"@type\":\"Organization\",\"@id\":\"https:\\\/\\\/aescolalegal.com.br\\\/#organization\",\"name\":\"AEscolaLegal - Revistas de Educa\u00e7\u00e3o Ampla\",\"url\":\"https:\\\/\\\/aescolalegal.com.br\\\/\",\"logo\":{\"@type\":\"ImageObject\",\"inLanguage\":\"pt-PT\",\"@id\":\"https:\\\/\\\/aescolalegal.com.br\\\/#\\\/schema\\\/logo\\\/image\\\/\",\"url\":\"https:\\\/\\\/aescolalegal.com.br\\\/wp-content\\\/uploads\\\/2026\\\/04\\\/cropped-cropped-logo-transparece-1.jpg\",\"contentUrl\":\"https:\\\/\\\/aescolalegal.com.br\\\/wp-content\\\/uploads\\\/2026\\\/04\\\/cropped-cropped-logo-transparece-1.jpg\",\"width\":368,\"height\":141,\"caption\":\"AEscolaLegal - Revistas de Educa\u00e7\u00e3o Ampla\"},\"image\":{\"@id\":\"https:\\\/\\\/aescolalegal.com.br\\\/#\\\/schema\\\/logo\\\/image\\\/\"}}]}<\/script>\n<!-- \/ Yoast SEO plugin. -->","yoast_head_json":{"title":"Elas escrevem. N\u00f3s publicamos - AEscolaLegal - Revistas de Educa\u00e7\u00e3o Ampla","robots":{"index":"noindex","follow":"follow","max-snippet":"max-snippet:-1","max-image-preview":"max-image-preview:large","max-video-preview":"max-video-preview:-1"},"og_locale":"pt_PT","og_type":"article","og_title":"Elas escrevem. N\u00f3s publicamos - AEscolaLegal - Revistas de Educa\u00e7\u00e3o Ampla","og_description":"Este \u00e9 um servi\u00e7o quase de gra\u00e7a para escritoras.Sim, quase porque cobramos a exorbitante quantia de R$ 50 para divulgar seu livro em nossa plataforma. Tudo o que voc\u00ea, escritora, ou amiga(o) da escritora tem a fazer \u00e9 nos enviar alguns dados.S\u00e3o estes: o seu nome e o seu email.o nome da escritora, o nome [&hellip;]","og_url":"https:\/\/aescolalegal.com.br\/?page_id=3000","og_site_name":"AEscolaLegal - Revistas de Educa\u00e7\u00e3o Ampla","og_image":[{"width":334,"height":152,"url":"https:\/\/aescolalegal.com.br\/wp-content\/uploads\/2026\/05\/elas-escrevem-1.jpg","type":"image\/jpeg"}],"twitter_card":"summary_large_image","twitter_misc":{"Tempo estimado de leitura":"2 minutos"},"schema":{"@context":"https:\/\/schema.org","@graph":[{"@type":"WebPage","@id":"https:\/\/aescolalegal.com.br\/?page_id=3000","url":"https:\/\/aescolalegal.com.br\/?page_id=3000","name":"Elas escrevem. N\u00f3s publicamos - AEscolaLegal - Revistas de Educa\u00e7\u00e3o Ampla","isPartOf":{"@id":"https:\/\/aescolalegal.com.br\/#website"},"primaryImageOfPage":{"@id":"https:\/\/aescolalegal.com.br\/?page_id=3000#primaryimage"},"image":{"@id":"https:\/\/aescolalegal.com.br\/?page_id=3000#primaryimage"},"thumbnailUrl":"https:\/\/aescolalegal.com.br\/wp-content\/uploads\/2026\/05\/elas-escrevem-1.jpg","datePublished":"2026-05-10T22:11:54+00:00","breadcrumb":{"@id":"https:\/\/aescolalegal.com.br\/?page_id=3000#breadcrumb"},"inLanguage":"pt-PT","potentialAction":[{"@type":"ReadAction","target":["https:\/\/aescolalegal.com.br\/?page_id=3000"]}]},{"@type":"ImageObject","inLanguage":"pt-PT","@id":"https:\/\/aescolalegal.com.br\/?page_id=3000#primaryimage","url":"https:\/\/aescolalegal.com.br\/wp-content\/uploads\/2026\/05\/elas-escrevem-1.jpg","contentUrl":"https:\/\/aescolalegal.com.br\/wp-content\/uploads\/2026\/05\/elas-escrevem-1.jpg","width":334,"height":152},{"@type":"BreadcrumbList","@id":"https:\/\/aescolalegal.com.br\/?page_id=3000#breadcrumb","itemListElement":[{"@type":"ListItem","position":1,"name":"In\u00edcio","item":"https:\/\/aescolalegal.com.br\/"},{"@type":"ListItem","position":2,"name":"Elas escrevem. N\u00f3s publicamos"}]},{"@type":"WebSite","@id":"https:\/\/aescolalegal.com.br\/#website","url":"https:\/\/aescolalegal.com.br\/","name":"AEscolaLegal - Revistas de Educa\u00e7\u00e3o Ampla","description":"Revistas da Plataforma de Educa\u00e7\u00e3o Ampla, Ci\u00eancias e Cultura Sist\u00eamica.","publisher":{"@id":"https:\/\/aescolalegal.com.br\/#organization"},"potentialAction":[{"@type":"SearchAction","target":{"@type":"EntryPoint","urlTemplate":"https:\/\/aescolalegal.com.br\/?s={search_term_string}"},"query-input":{"@type":"PropertyValueSpecification","valueRequired":true,"valueName":"search_term_string"}}],"inLanguage":"pt-PT"},{"@type":"Organization","@id":"https:\/\/aescolalegal.com.br\/#organization","name":"AEscolaLegal - Revistas de Educa\u00e7\u00e3o Ampla","url":"https:\/\/aescolalegal.com.br\/","logo":{"@type":"ImageObject","inLanguage":"pt-PT","@id":"https:\/\/aescolalegal.com.br\/#\/schema\/logo\/image\/","url":"https:\/\/aescolalegal.com.br\/wp-content\/uploads\/2026\/04\/cropped-cropped-logo-transparece-1.jpg","contentUrl":"https:\/\/aescolalegal.com.br\/wp-content\/uploads\/2026\/04\/cropped-cropped-logo-transparece-1.jpg","width":368,"height":141,"caption":"AEscolaLegal - Revistas de Educa\u00e7\u00e3o Ampla"},"image":{"@id":"https:\/\/aescolalegal.com.br\/#\/schema\/logo\/image\/"}}]}},"_links":{"self":[{"href":"https:\/\/aescolalegal.com.br\/index.php?rest_route=\/wp\/v2\/pages\/3000","targetHints":{"allow":["GET"]}}],"collection":[{"href":"https:\/\/aescolalegal.com.br\/index.php?rest_route=\/wp\/v2\/pages"}],"about":[{"href":"https:\/\/aescolalegal.com.br\/index.php?rest_route=\/wp\/v2\/types\/page"}],"author":[{"embeddable":true,"href":"https:\/\/aescolalegal.com.br\/index.php?rest_route=\/wp\/v2\/users\/1"}],"replies":[{"embeddable":true,"href":"https:\/\/aescolalegal.com.br\/index.php?rest_route=%2Fwp%2Fv2%2Fcomments&post=3000"}],"version-history":[{"count":1,"href":"https:\/\/aescolalegal.com.br\/index.php?rest_route=\/wp\/v2\/pages\/3000\/revisions"}],"predecessor-version":[{"id":3004,"href":"https:\/\/aescolalegal.com.br\/index.php?rest_route=\/wp\/v2\/pages\/3000\/revisions\/3004"}],"wp:attachment":[{"href":"https:\/\/aescolalegal.com.br\/index.php?rest_route=%2Fwp%2Fv2%2Fmedia&parent=3000"}],"curies":[{"name":"wp","href":"https:\/\/api.w.org\/{rel}","templated":true}]}}