{"id":3022,"date":"2026-05-11T17:43:39","date_gmt":"2026-05-11T17:43:39","guid":{"rendered":"https:\/\/aescolalegal.com.br\/?page_id=3022"},"modified":"2026-05-11T18:21:08","modified_gmt":"2026-05-11T18:21:08","slug":"chamada-permanente-para-autores","status":"publish","type":"page","link":"https:\/\/aescolalegal.com.br\/?page_id=3022","title":{"rendered":"Chamada permanente para autores"},"content":{"rendered":"<div class=\"wp-block-image\">\n<figure class=\"alignright size-full\"><img  title=\"\" loading=\"lazy\" decoding=\"async\" width=\"179\" height=\"100\" src=\"https:\/\/aescolalegal.com.br\/wp-content\/uploads\/2026\/05\/logo-ael-transparent.png\"  alt=\"Chamada permanente para autores\"  class=\"wp-image-3023\"\/><\/figure>\n<\/div>\n\n\n<h2 class=\"wp-block-heading\">Publique nas Revistas da Plataforma AEscolaLegal<\/h2>\n\n\n\n<p>A <strong>Plataforma AEscolaLegal <\/strong>convida pesquisadores, professores, jornalistas, especialistas, profissionais de diferentes \u00e1reas e pensadores independentes a integrarem seu ecossistema editorial digital.<\/p>\n\n\n\n<p>Buscamos textos originais, anal\u00edticos e propositivos que dialoguem criticamente com os desafios contempor\u00e2neos nas \u00e1reas de:<\/p>\n\n\n\n<ul class=\"wp-block-list\">\n<li>Educa\u00e7\u00e3o e inova\u00e7\u00e3o pedag\u00f3gica<\/li>\n\n\n\n<li>Ci\u00eancias e cultura cient\u00edfica<\/li>\n\n\n\n<li>Tecnologia e sociedade<\/li>\n\n\n\n<li>Sustentabilidade e vis\u00e3o sist\u00eamica<\/li>\n\n\n\n<li>Humanidades e pensamento cr\u00edtico<\/li>\n\n\n\n<li>Desenvolvimento social e transforma\u00e7\u00f5es globais<\/li>\n<\/ul>\n\n\n\n<p>Aceitamos artigos breves, ensaios, entrevistas, an\u00e1lises, relatos de experi\u00eancia, textos introdut\u00f3rios de dossi\u00eas tem\u00e1ticos com at\u00e9 900 palavras e, futuramente, propostas de s\u00e9ries editoriais.<\/p>\n\n\n\n<h5 class=\"wp-block-heading\"><strong>Os conte\u00fados selecionados passam por curadoria editorial e podem integrar:<\/strong><\/h5>\n\n\n\n<ul class=\"wp-block-list\">\n<li>Revistas digitais tem\u00e1ticas<\/li>\n\n\n\n<li>Edi\u00e7\u00f5es especiais<\/li>\n\n\n\n<li>Projetos institucionais<\/li>\n\n\n\n<li>Colet\u00e2neas e publica\u00e7\u00f5es futuras<\/li>\n<\/ul>\n\n\n\n<p>Publicar na <em>AEscolaLegal<\/em> significa participar de uma rede qualificada de produ\u00e7\u00e3o e circula\u00e7\u00e3o de conhecimento no ambiente digital contempor\u00e2neo.<\/p>\n\n\n\n<p class=\"has-text-color has-link-color has-small-font-size wp-elements-f6fe2e427e28fd3b17201a0f3ac86487\" style=\"color:#ecf1f4\">Chamada permanente para autores<\/p>\n\n\n\n<p>Envio de propostas e informa\u00e7\u00f5es editoriais pelos canais institucionais da plataforma.<\/p>\n\n\n\n<p>As revistas digitais do projeto <strong>AEscolaLegal<\/strong> s\u00e3o espa\u00e7os abertos ao di\u00e1logo, \u00e0 reflex\u00e3o e \u00e0 circula\u00e7\u00e3o de ideias comprometidas com a educa\u00e7\u00e3o, a ci\u00eancia, a cultura e os desafios contempor\u00e2neos.<\/p>\n\n\n\n<p>A participa\u00e7\u00e3o de autores ocorre de forma <strong>volunt\u00e1ria e colaborativa<\/strong>, sem v\u00ednculo contratual profissional e sem qualquer tipo de custo para os envolvidos. Do mesmo modo, n\u00e3o h\u00e1 remunera\u00e7\u00e3o financeira pela publica\u00e7\u00e3o. Nosso compromisso \u00e9 oferecer <strong>um ambiente editorial respons\u00e1vel para a divulga\u00e7\u00e3o gratuita dos textos<\/strong>, sempre com o devido cr\u00e9dito de autoria.<\/p>\n\n\n\n<p class=\"has-background\" style=\"background-color:#eef6f9\">O objetivo desta iniciativa \u00e9 <strong>ampliar vozes, compartilhar conhecimento e fortalecer o debate p\u00fablico qualificado<\/strong>, reunindo pesquisadores, educadores, profissionais e pensadores que desejam contribuir com suas reflex\u00f5es.<br><br>Envie seus dados e o texto a ser publicado para um dos e.mails abaixo. Fa\u00e7a uma revis\u00e3o antes. <strong><mark style=\"background-color:rgba(0, 0, 0, 0);color:#f70606\" class=\"has-inline-color\">*<\/mark><\/strong><em>Acrescente o t\u00edtulo do artigo &#8211; as refer\u00eancias\/fontes\/links\/bibliografia &#8211; seu nome &#8211; e.mail &#8211; profiss\u00e3o &#8211; t\u00edtulo\/forma\u00e7\u00e3o acad\u00eamica &#8211; cidade<\/em> (<strong><mark style=\"background-color:rgba(0, 0, 0, 0);color:#f40808\" class=\"has-inline-color\">*<\/mark><\/strong><sup><strong>obrigat\u00f3rios<\/strong><\/sup>)<\/p>\n\n\n\n<p>Agradecemos a sua confian\u00e7a, a sua generosidade intelectual e o interesse em participar deste espa\u00e7o de constru\u00e7\u00e3o coletiva.<\/p>\n\n\n\n<p class=\"has-text-align-right has-text-color has-link-color has-small-font-size wp-elements-105f5ccf729fe612dec3ef62dbdb8a1a\" style=\"color:#edf1f4\">Chamada permanente para autores<\/p>\n\n\n\n<p class=\"has-text-align-center has-text-color has-background has-link-color wp-elements-94d0519263d224042ef65c869bd13630\" style=\"color:#07472f;background-color:#d0ede1\"><strong>Patrocinadores individuais, coletivos e institui\u00e7\u00f5es podem apoiar nossos esfor\u00e7os. <\/strong><\/p>\n\n\n\n<p>Com estima,<\/p>\n\n\n\n<p class=\"has-text-align-right\"><strong>Volmer Silva do R\u00eago<br><em>Publisher<\/em><\/strong><br>Projeto editorial <em>AEscolaLegal<\/em><\/p>\n\n\n\n<p><a href=\"mailto:contato@aescolalegal.com.br\" target=\"_blank\" rel=\"noreferrer noopener\">contato@aescolalegal.com.br<\/a><br><a href=\"mailto:revistas@aescolalegal.com.br\">revistas@aescolalegal.com.br <\/a><\/p>\n\n\n\n<p><\/p>\n","protected":false},"excerpt":{"rendered":"<p>Publique nas Revistas da Plataforma AEscolaLegal A Plataforma AEscolaLegal convida pesquisadores, professores, jornalistas, especialistas, profissionais de diferentes \u00e1reas e pensadores independentes a integrarem seu ecossistema editorial digital. Buscamos textos originais, anal\u00edticos e propositivos que dialoguem criticamente com os desafios contempor\u00e2neos nas \u00e1reas de: Aceitamos artigos breves, ensaios, entrevistas, an\u00e1lises, relatos de experi\u00eancia, textos introdut\u00f3rios de [&hellip;]<\/p>\n","protected":false},"author":1,"featured_media":3024,"parent":0,"menu_order":0,"comment_status":"closed","ping_status":"closed","template":"","meta":{"footnotes":""},"class_list":["post-3022","page","type-page","status-publish","has-post-thumbnail","hentry"],"yoast_head":"<!-- This site is optimized with the Yoast SEO plugin v27.5 - https:\/\/yoast.com\/product\/yoast-seo-wordpress\/ -->\n<title>Chamada permanente para autores - AEscolaLegal - Revistas de Educa\u00e7\u00e3o Ampla<\/title>\n<meta name=\"robots\" content=\"noindex, follow, max-snippet:-1, max-image-preview:large, max-video-preview:-1\" \/>\n<meta property=\"og:locale\" content=\"pt_PT\" \/>\n<meta property=\"og:type\" content=\"article\" \/>\n<meta property=\"og:title\" content=\"Chamada permanente para autores - AEscolaLegal - Revistas de Educa\u00e7\u00e3o Ampla\" \/>\n<meta property=\"og:description\" content=\"Publique nas Revistas da Plataforma AEscolaLegal A Plataforma AEscolaLegal convida pesquisadores, professores, jornalistas, especialistas, profissionais de diferentes \u00e1reas e pensadores independentes a integrarem seu ecossistema editorial digital. Buscamos textos originais, anal\u00edticos e propositivos que dialoguem criticamente com os desafios contempor\u00e2neos nas \u00e1reas de: Aceitamos artigos breves, ensaios, entrevistas, an\u00e1lises, relatos de experi\u00eancia, textos introdut\u00f3rios de [&hellip;]\" \/>\n<meta property=\"og:url\" content=\"https:\/\/aescolalegal.com.br\/?page_id=3022\" \/>\n<meta property=\"og:site_name\" content=\"AEscolaLegal - Revistas de Educa\u00e7\u00e3o Ampla\" \/>\n<meta property=\"article:modified_time\" content=\"2026-05-11T18:21:08+00:00\" \/>\n<meta property=\"og:image\" content=\"https:\/\/aescolalegal.com.br\/wp-content\/uploads\/2026\/05\/acordo.jpg\" \/>\n\t<meta property=\"og:image:width\" content=\"282\" \/>\n\t<meta property=\"og:image:height\" content=\"198\" \/>\n\t<meta property=\"og:image:type\" content=\"image\/jpeg\" \/>\n<meta name=\"twitter:card\" content=\"summary_large_image\" \/>\n<meta name=\"twitter:label1\" content=\"Tempo estimado de leitura\" \/>\n\t<meta name=\"twitter:data1\" content=\"3 minutos\" \/>\n<script type=\"application\/ld+json\" class=\"yoast-schema-graph\">{\"@context\":\"https:\\\/\\\/schema.org\",\"@graph\":[{\"@type\":\"WebPage\",\"@id\":\"https:\\\/\\\/aescolalegal.com.br\\\/?page_id=3022\",\"url\":\"https:\\\/\\\/aescolalegal.com.br\\\/?page_id=3022\",\"name\":\"Chamada permanente para autores - AEscolaLegal - Revistas de Educa\u00e7\u00e3o Ampla\",\"isPartOf\":{\"@id\":\"https:\\\/\\\/aescolalegal.com.br\\\/#website\"},\"primaryImageOfPage\":{\"@id\":\"https:\\\/\\\/aescolalegal.com.br\\\/?page_id=3022#primaryimage\"},\"image\":{\"@id\":\"https:\\\/\\\/aescolalegal.com.br\\\/?page_id=3022#primaryimage\"},\"thumbnailUrl\":\"https:\\\/\\\/aescolalegal.com.br\\\/wp-content\\\/uploads\\\/2026\\\/05\\\/acordo.jpg\",\"datePublished\":\"2026-05-11T17:43:39+00:00\",\"dateModified\":\"2026-05-11T18:21:08+00:00\",\"breadcrumb\":{\"@id\":\"https:\\\/\\\/aescolalegal.com.br\\\/?page_id=3022#breadcrumb\"},\"inLanguage\":\"pt-PT\",\"potentialAction\":[{\"@type\":\"ReadAction\",\"target\":[\"https:\\\/\\\/aescolalegal.com.br\\\/?page_id=3022\"]}]},{\"@type\":\"ImageObject\",\"inLanguage\":\"pt-PT\",\"@id\":\"https:\\\/\\\/aescolalegal.com.br\\\/?page_id=3022#primaryimage\",\"url\":\"https:\\\/\\\/aescolalegal.com.br\\\/wp-content\\\/uploads\\\/2026\\\/05\\\/acordo.jpg\",\"contentUrl\":\"https:\\\/\\\/aescolalegal.com.br\\\/wp-content\\\/uploads\\\/2026\\\/05\\\/acordo.jpg\",\"width\":282,\"height\":198,\"caption\":\"chamada permanente\"},{\"@type\":\"BreadcrumbList\",\"@id\":\"https:\\\/\\\/aescolalegal.com.br\\\/?page_id=3022#breadcrumb\",\"itemListElement\":[{\"@type\":\"ListItem\",\"position\":1,\"name\":\"In\u00edcio\",\"item\":\"https:\\\/\\\/aescolalegal.com.br\\\/\"},{\"@type\":\"ListItem\",\"position\":2,\"name\":\"Chamada permanente para autores\"}]},{\"@type\":\"WebSite\",\"@id\":\"https:\\\/\\\/aescolalegal.com.br\\\/#website\",\"url\":\"https:\\\/\\\/aescolalegal.com.br\\\/\",\"name\":\"AEscolaLegal - Revistas de Educa\u00e7\u00e3o Ampla\",\"description\":\"Revistas da Plataforma de Educa\u00e7\u00e3o Ampla, Ci\u00eancias e Cultura Sist\u00eamica.\",\"publisher\":{\"@id\":\"https:\\\/\\\/aescolalegal.com.br\\\/#organization\"},\"potentialAction\":[{\"@type\":\"SearchAction\",\"target\":{\"@type\":\"EntryPoint\",\"urlTemplate\":\"https:\\\/\\\/aescolalegal.com.br\\\/?s={search_term_string}\"},\"query-input\":{\"@type\":\"PropertyValueSpecification\",\"valueRequired\":true,\"valueName\":\"search_term_string\"}}],\"inLanguage\":\"pt-PT\"},{\"@type\":\"Organization\",\"@id\":\"https:\\\/\\\/aescolalegal.com.br\\\/#organization\",\"name\":\"AEscolaLegal - Revistas de Educa\u00e7\u00e3o Ampla\",\"url\":\"https:\\\/\\\/aescolalegal.com.br\\\/\",\"logo\":{\"@type\":\"ImageObject\",\"inLanguage\":\"pt-PT\",\"@id\":\"https:\\\/\\\/aescolalegal.com.br\\\/#\\\/schema\\\/logo\\\/image\\\/\",\"url\":\"https:\\\/\\\/aescolalegal.com.br\\\/wp-content\\\/uploads\\\/2026\\\/04\\\/cropped-cropped-logo-transparece-1.jpg\",\"contentUrl\":\"https:\\\/\\\/aescolalegal.com.br\\\/wp-content\\\/uploads\\\/2026\\\/04\\\/cropped-cropped-logo-transparece-1.jpg\",\"width\":368,\"height\":141,\"caption\":\"AEscolaLegal - Revistas de Educa\u00e7\u00e3o Ampla\"},\"image\":{\"@id\":\"https:\\\/\\\/aescolalegal.com.br\\\/#\\\/schema\\\/logo\\\/image\\\/\"}}]}<\/script>\n<!-- \/ Yoast SEO plugin. -->","yoast_head_json":{"title":"Chamada permanente para autores - AEscolaLegal - Revistas de Educa\u00e7\u00e3o Ampla","robots":{"index":"noindex","follow":"follow","max-snippet":"max-snippet:-1","max-image-preview":"max-image-preview:large","max-video-preview":"max-video-preview:-1"},"og_locale":"pt_PT","og_type":"article","og_title":"Chamada permanente para autores - AEscolaLegal - Revistas de Educa\u00e7\u00e3o Ampla","og_description":"Publique nas Revistas da Plataforma AEscolaLegal A Plataforma AEscolaLegal convida pesquisadores, professores, jornalistas, especialistas, profissionais de diferentes \u00e1reas e pensadores independentes a integrarem seu ecossistema editorial digital. Buscamos textos originais, anal\u00edticos e propositivos que dialoguem criticamente com os desafios contempor\u00e2neos nas \u00e1reas de: Aceitamos artigos breves, ensaios, entrevistas, an\u00e1lises, relatos de experi\u00eancia, textos introdut\u00f3rios de [&hellip;]","og_url":"https:\/\/aescolalegal.com.br\/?page_id=3022","og_site_name":"AEscolaLegal - Revistas de Educa\u00e7\u00e3o Ampla","article_modified_time":"2026-05-11T18:21:08+00:00","og_image":[{"width":282,"height":198,"url":"https:\/\/aescolalegal.com.br\/wp-content\/uploads\/2026\/05\/acordo.jpg","type":"image\/jpeg"}],"twitter_card":"summary_large_image","twitter_misc":{"Tempo estimado de leitura":"3 minutos"},"schema":{"@context":"https:\/\/schema.org","@graph":[{"@type":"WebPage","@id":"https:\/\/aescolalegal.com.br\/?page_id=3022","url":"https:\/\/aescolalegal.com.br\/?page_id=3022","name":"Chamada permanente para autores - AEscolaLegal - Revistas de Educa\u00e7\u00e3o Ampla","isPartOf":{"@id":"https:\/\/aescolalegal.com.br\/#website"},"primaryImageOfPage":{"@id":"https:\/\/aescolalegal.com.br\/?page_id=3022#primaryimage"},"image":{"@id":"https:\/\/aescolalegal.com.br\/?page_id=3022#primaryimage"},"thumbnailUrl":"https:\/\/aescolalegal.com.br\/wp-content\/uploads\/2026\/05\/acordo.jpg","datePublished":"2026-05-11T17:43:39+00:00","dateModified":"2026-05-11T18:21:08+00:00","breadcrumb":{"@id":"https:\/\/aescolalegal.com.br\/?page_id=3022#breadcrumb"},"inLanguage":"pt-PT","potentialAction":[{"@type":"ReadAction","target":["https:\/\/aescolalegal.com.br\/?page_id=3022"]}]},{"@type":"ImageObject","inLanguage":"pt-PT","@id":"https:\/\/aescolalegal.com.br\/?page_id=3022#primaryimage","url":"https:\/\/aescolalegal.com.br\/wp-content\/uploads\/2026\/05\/acordo.jpg","contentUrl":"https:\/\/aescolalegal.com.br\/wp-content\/uploads\/2026\/05\/acordo.jpg","width":282,"height":198,"caption":"chamada permanente"},{"@type":"BreadcrumbList","@id":"https:\/\/aescolalegal.com.br\/?page_id=3022#breadcrumb","itemListElement":[{"@type":"ListItem","position":1,"name":"In\u00edcio","item":"https:\/\/aescolalegal.com.br\/"},{"@type":"ListItem","position":2,"name":"Chamada permanente para autores"}]},{"@type":"WebSite","@id":"https:\/\/aescolalegal.com.br\/#website","url":"https:\/\/aescolalegal.com.br\/","name":"AEscolaLegal - Revistas de Educa\u00e7\u00e3o Ampla","description":"Revistas da Plataforma de Educa\u00e7\u00e3o Ampla, Ci\u00eancias e Cultura Sist\u00eamica.","publisher":{"@id":"https:\/\/aescolalegal.com.br\/#organization"},"potentialAction":[{"@type":"SearchAction","target":{"@type":"EntryPoint","urlTemplate":"https:\/\/aescolalegal.com.br\/?s={search_term_string}"},"query-input":{"@type":"PropertyValueSpecification","valueRequired":true,"valueName":"search_term_string"}}],"inLanguage":"pt-PT"},{"@type":"Organization","@id":"https:\/\/aescolalegal.com.br\/#organization","name":"AEscolaLegal - Revistas de Educa\u00e7\u00e3o Ampla","url":"https:\/\/aescolalegal.com.br\/","logo":{"@type":"ImageObject","inLanguage":"pt-PT","@id":"https:\/\/aescolalegal.com.br\/#\/schema\/logo\/image\/","url":"https:\/\/aescolalegal.com.br\/wp-content\/uploads\/2026\/04\/cropped-cropped-logo-transparece-1.jpg","contentUrl":"https:\/\/aescolalegal.com.br\/wp-content\/uploads\/2026\/04\/cropped-cropped-logo-transparece-1.jpg","width":368,"height":141,"caption":"AEscolaLegal - Revistas de Educa\u00e7\u00e3o Ampla"},"image":{"@id":"https:\/\/aescolalegal.com.br\/#\/schema\/logo\/image\/"}}]}},"_links":{"self":[{"href":"https:\/\/aescolalegal.com.br\/index.php?rest_route=\/wp\/v2\/pages\/3022","targetHints":{"allow":["GET"]}}],"collection":[{"href":"https:\/\/aescolalegal.com.br\/index.php?rest_route=\/wp\/v2\/pages"}],"about":[{"href":"https:\/\/aescolalegal.com.br\/index.php?rest_route=\/wp\/v2\/types\/page"}],"author":[{"embeddable":true,"href":"https:\/\/aescolalegal.com.br\/index.php?rest_route=\/wp\/v2\/users\/1"}],"replies":[{"embeddable":true,"href":"https:\/\/aescolalegal.com.br\/index.php?rest_route=%2Fwp%2Fv2%2Fcomments&post=3022"}],"version-history":[{"count":3,"href":"https:\/\/aescolalegal.com.br\/index.php?rest_route=\/wp\/v2\/pages\/3022\/revisions"}],"predecessor-version":[{"id":3041,"href":"https:\/\/aescolalegal.com.br\/index.php?rest_route=\/wp\/v2\/pages\/3022\/revisions\/3041"}],"wp:featuredmedia":[{"embeddable":true,"href":"https:\/\/aescolalegal.com.br\/index.php?rest_route=\/wp\/v2\/media\/3024"}],"wp:attachment":[{"href":"https:\/\/aescolalegal.com.br\/index.php?rest_route=%2Fwp%2Fv2%2Fmedia&parent=3022"}],"curies":[{"name":"wp","href":"https:\/\/api.w.org\/{rel}","templated":true}]}}