{"id":63,"date":"2026-04-09T20:15:13","date_gmt":"2026-04-09T20:15:13","guid":{"rendered":"https:\/\/aescolalegal.com.br\/?page_id=63"},"modified":"2026-05-11T18:51:50","modified_gmt":"2026-05-11T18:51:50","slug":"colunistas-2","status":"publish","type":"page","link":"https:\/\/aescolalegal.com.br\/?page_id=63","title":{"rendered":"Colunistas &#8211; a &#8216;anima sapiens&#8217; da Revista"},"content":{"rendered":"\n<h4 class=\"wp-block-heading has-text-align-center\"><strong>Um grupo seleto de homens e mulheres fazem parte da equipe de colunistas das revistas da <\/strong><em>Plataforma AEscolaLegal<\/em><strong>. S\u00e3o doutores, acad\u00eamicos, cientistas de diversas a\u0155eas do conhecimento, mas n\u00e3o se restringem as suas especificidades. A abrang\u00eancia de suas atividades, bem como suas hist\u00f3rias de vida e capital intelectual acumulado, no Brasil e fora dele, os torna, simplesmente excepcionais. A todos os<\/strong><em><a href=\"https:\/\/aescolalegal.com.br\/?cat=50\" type=\"link\" id=\"https:\/\/aescolalegal.com.br\/?cat=50\"> Colunistas<\/a><\/em><strong> meu mais sincero respeito e admira\u00e7\u00e3o. <\/strong><\/h4>\n\n\n\n<p class=\"has-text-align-right has-text-color has-link-color wp-elements-a4204497b8f3357ed9c1010cbec517c0\" style=\"color:#084831;font-size:17px\"><strong>Publisher<\/strong><\/p>\n\n\n\n<p class=\"has-text-color has-link-color wp-elements-bc54bf5e82900adfb3d875f578abc3ad\" style=\"color:#0d7e55;font-size:15px\">S\u00e3o Paulo, 2026<\/p>\n\n\n\n<h5 class=\"wp-block-heading\">Conhe\u00e7a-os melhor:<\/h5>\n\n\n\n<p class=\"has-text-align-left\"><strong>Afonso Peche Filho<\/strong> &#8211; Engenheiro agr\u00f4nomo (USP) &#8211; Doutor Ci\u00eancias Ambientais (UNESP) &#8211; pesquisador <em><a href=\"https:\/\/www.iac.sp.gov.br\/\" type=\"link\" id=\"https:\/\/www.iac.sp.gov.br\/\">IAC<\/a><\/em><br><strong>Alfredo Atti\u00e9 <\/strong>&#8211; Advogado MS. Sanford University (EUA) &#8211; Doutor em Direito (USP) &#8211; Juiz &#8211; Presidente <em><a href=\"https:\/\/apd.org.br\/\" type=\"link\" id=\"https:\/\/apd.org.br\/\">APD<\/a><\/em><br><strong>Jos\u00e9 Manoel Ferreira Gon\u00e7alves<\/strong> &#8211; Engenheiro &#8211; <em><a href=\"https:\/\/josemanoelfg.com.br\/\" type=\"link\" id=\"https:\/\/josemanoelfg.com.br\/\">Doutor em Engenharia <\/a><\/em>(Un. Lisboa) &#8211; Advogado e Jornalista<br><strong>Luiz Carlos Dias<\/strong> &#8211; Qu\u00edmico UFSC &#8211; Doutor UNICAMP &#8211; Harvard University &#8211; Professor <em><a href=\"https:\/\/www.iqm.unicamp.br\/pessoas\/docentes\/\" type=\"link\" id=\"https:\/\/www.iqm.unicamp.br\/pessoas\/docentes\/\">IQ UNICAMP &#8211;<\/a><\/em> Membro ABC<br><strong>Maria In\u00eas Fini &#8211;<\/strong> Pedagoga &#8211; Doutora Pesquisadora Psicologia da Educa\u00e7\u00e3o &#8211; Diretora INEP &#8211; Fundadora <em><a href=\"https:\/\/portal.fe.unicamp.br\/profissional\/maria-ines-fini\/\">Fac. Educa\u00e7\u00e3o UNICAMP<\/a><\/em><br><strong>Ladislau Dawbor <\/strong>&#8211; Economista &#8211; Un. Lausanne (Switzerland) &#8211; Masters\/ Doctor Central School of Planning and Statistics of Warsaw. <em><a href=\"https:\/\/dowbor.org\/\" type=\"link\" id=\"https:\/\/dowbor.org\/\">Professor PUC\/SP <\/a><\/em>&#8211; Consultor da ONU<br><strong>Jorge Miklos<\/strong> &#8211; Dr. Professor Psicologia Social (PUC\/SP) &#8211; Psicanalista Junguiano &#8211; <em><a href=\"https:\/\/institutodoimaginario.com.br\/jorge-miklos\/\" type=\"link\" id=\"https:\/\/institutodoimaginario.com.br\/jorge-miklos\/\">Dir. Instituto do Imagin\u00e1rio<\/a><\/em><br><br><strong>S\u00f4nia Regina Soares da Cunha <\/strong>&#8211; Jornalista &#8211; <em><a href=\"https:\/\/scholar.google.com\/citations?user=EYSuKTEAAAAJ&amp;hl=en\" type=\"link\" id=\"https:\/\/scholar.google.com\/citations?user=EYSuKTEAAAAJ&amp;hl=en\">Doutora Ci\u00eancia da Comunica\u00e7\u00e3o USP<\/a><\/em> &#8211; Pesquisadora e Professora UFRN<br><strong>Fernando Nogueira da Costa<\/strong> &#8211; Economista &#8211; Professor <em><a href=\"https:\/\/www.eco.unicamp.br\/ensino\/pos-graduacao\/comissao\" type=\"link\" id=\"https:\/\/www.eco.unicamp.br\/ensino\/pos-graduacao\/comissao\">IE UNICAMP<\/a><\/em> &#8211; Consultor<br><strong>Ergon Cugler<\/strong> &#8211; <em><a href=\"https:\/\/eaesp.fgv.br\/pessoa\/ergon-cugler-moraes-silva\">Pesquisador <\/a><\/em>&#8211; Graduado e p\u00f3s-graduado USP e Univ. de Barcelona. Mestre pela FGV. Conselheiro da Presid\u00eancia da Rep\u00fablica<br><strong>Otaviano Helene <\/strong>&#8211; F\u00edsico Nuclear &#8211; Doutor- <a href=\"http:\/\/lattes.cnpq.br\/7548253926793752\"><em>Professor livre docente IFUSP<\/em><\/a><br><strong>Renato Janine<\/strong> <strong>Ribeiro <\/strong>&#8211; Fil\u00f3sofo\/Historiador Sorbonne Fr. &#8211; Ex.Ministro da Educa\u00e7\u00e3o &#8211; Ex Presidente SBPC &#8211; <em><a href=\"https:\/\/filosofia.fflch.usp.br\/professores\/renato-janine-ribeiro\" type=\"link\" id=\"https:\/\/filosofia.fflch.usp.br\/professores\/renato-janine-ribeiro\">Doutor Professor Filosofia<\/a><\/em> &#8211; \u00c9tica e Pol\u00edtica USP <br><strong>Gon\u00e7alo Amarante<\/strong> &#8211; Dr. Pesquisador Biologia e Gen\u00e9tica &#8211; <em><a href=\"https:\/\/portal.dados.unicamp.br\/perfil?origem=&amp;docente=265829&amp;sigla_unidade=IB&amp;nome_unidade=INSTITUTO%20DE%20BIOLOGIA&amp;nome_programa=\" type=\"link\" id=\"https:\/\/portal.dados.unicamp.br\/perfil?origem=&amp;docente=265829&amp;sigla_unidade=IB&amp;nome_unidade=INSTITUTO%20DE%20BIOLOGIA&amp;nome_programa=\">Diretor IB UNICAMP<\/a><\/em><\/p>\n\n\n\n<p class=\"has-text-align-right\"><br><br>Esta lista pode ser alterada a qualquer momento<br><\/p>\n","protected":false},"excerpt":{"rendered":"<p>Um grupo seleto de homens e mulheres fazem parte da equipe de colunistas das revistas da Plataforma AEscolaLegal. S\u00e3o doutores, acad\u00eamicos, cientistas de diversas a\u0155eas do conhecimento, mas n\u00e3o se restringem as suas especificidades. A abrang\u00eancia de suas atividades, bem como suas hist\u00f3rias de vida e capital intelectual acumulado, no Brasil e fora dele, os [&hellip;]<\/p>\n","protected":false},"author":1,"featured_media":2904,"parent":0,"menu_order":0,"comment_status":"closed","ping_status":"closed","template":"","meta":{"footnotes":""},"class_list":["post-63","page","type-page","status-publish","has-post-thumbnail","hentry"],"yoast_head":"<!-- This site is optimized with the Yoast SEO plugin v27.5 - https:\/\/yoast.com\/product\/yoast-seo-wordpress\/ -->\n<title>Colunistas - a &#039;anima sapiens&#039; da Revista - AEscolaLegal - Revistas de Educa\u00e7\u00e3o Ampla<\/title>\n<meta name=\"robots\" content=\"noindex, follow, max-snippet:-1, max-image-preview:large, max-video-preview:-1\" \/>\n<meta property=\"og:locale\" content=\"pt_PT\" \/>\n<meta property=\"og:type\" content=\"article\" \/>\n<meta property=\"og:title\" content=\"Colunistas - a &#039;anima sapiens&#039; da Revista - AEscolaLegal - Revistas de Educa\u00e7\u00e3o Ampla\" \/>\n<meta property=\"og:description\" content=\"Um grupo seleto de homens e mulheres fazem parte da equipe de colunistas das revistas da Plataforma AEscolaLegal. S\u00e3o doutores, acad\u00eamicos, cientistas de diversas a\u0155eas do conhecimento, mas n\u00e3o se restringem as suas especificidades. A abrang\u00eancia de suas atividades, bem como suas hist\u00f3rias de vida e capital intelectual acumulado, no Brasil e fora dele, os [&hellip;]\" \/>\n<meta property=\"og:url\" content=\"https:\/\/aescolalegal.com.br\/?page_id=63\" \/>\n<meta property=\"og:site_name\" content=\"AEscolaLegal - Revistas de Educa\u00e7\u00e3o Ampla\" \/>\n<meta property=\"article:modified_time\" content=\"2026-05-11T18:51:50+00:00\" \/>\n<meta property=\"og:image\" content=\"https:\/\/aescolalegal.com.br\/wp-content\/uploads\/2026\/05\/pesquisa-colunistas.jpg\" \/>\n\t<meta property=\"og:image:width\" content=\"377\" \/>\n\t<meta property=\"og:image:height\" content=\"295\" \/>\n\t<meta property=\"og:image:type\" content=\"image\/jpeg\" \/>\n<meta name=\"twitter:card\" content=\"summary_large_image\" \/>\n<meta name=\"twitter:label1\" content=\"Tempo estimado de leitura\" \/>\n\t<meta name=\"twitter:data1\" content=\"2 minutos\" \/>\n<script type=\"application\/ld+json\" class=\"yoast-schema-graph\">{\"@context\":\"https:\\\/\\\/schema.org\",\"@graph\":[{\"@type\":\"WebPage\",\"@id\":\"https:\\\/\\\/aescolalegal.com.br\\\/?page_id=63\",\"url\":\"https:\\\/\\\/aescolalegal.com.br\\\/?page_id=63\",\"name\":\"Colunistas - a 'anima sapiens' da Revista - AEscolaLegal - Revistas de Educa\u00e7\u00e3o Ampla\",\"isPartOf\":{\"@id\":\"https:\\\/\\\/aescolalegal.com.br\\\/#website\"},\"primaryImageOfPage\":{\"@id\":\"https:\\\/\\\/aescolalegal.com.br\\\/?page_id=63#primaryimage\"},\"image\":{\"@id\":\"https:\\\/\\\/aescolalegal.com.br\\\/?page_id=63#primaryimage\"},\"thumbnailUrl\":\"https:\\\/\\\/aescolalegal.com.br\\\/wp-content\\\/uploads\\\/2026\\\/05\\\/pesquisa-colunistas.jpg\",\"datePublished\":\"2026-04-09T20:15:13+00:00\",\"dateModified\":\"2026-05-11T18:51:50+00:00\",\"breadcrumb\":{\"@id\":\"https:\\\/\\\/aescolalegal.com.br\\\/?page_id=63#breadcrumb\"},\"inLanguage\":\"pt-PT\",\"potentialAction\":[{\"@type\":\"ReadAction\",\"target\":[\"https:\\\/\\\/aescolalegal.com.br\\\/?page_id=63\"]}]},{\"@type\":\"ImageObject\",\"inLanguage\":\"pt-PT\",\"@id\":\"https:\\\/\\\/aescolalegal.com.br\\\/?page_id=63#primaryimage\",\"url\":\"https:\\\/\\\/aescolalegal.com.br\\\/wp-content\\\/uploads\\\/2026\\\/05\\\/pesquisa-colunistas.jpg\",\"contentUrl\":\"https:\\\/\\\/aescolalegal.com.br\\\/wp-content\\\/uploads\\\/2026\\\/05\\\/pesquisa-colunistas.jpg\",\"width\":377,\"height\":295,\"caption\":\"Colunistas anima sapiens\"},{\"@type\":\"BreadcrumbList\",\"@id\":\"https:\\\/\\\/aescolalegal.com.br\\\/?page_id=63#breadcrumb\",\"itemListElement\":[{\"@type\":\"ListItem\",\"position\":1,\"name\":\"In\u00edcio\",\"item\":\"https:\\\/\\\/aescolalegal.com.br\\\/\"},{\"@type\":\"ListItem\",\"position\":2,\"name\":\"Colunistas &#8211; a &#8216;anima sapiens&#8217; da Revista\"}]},{\"@type\":\"WebSite\",\"@id\":\"https:\\\/\\\/aescolalegal.com.br\\\/#website\",\"url\":\"https:\\\/\\\/aescolalegal.com.br\\\/\",\"name\":\"AEscolaLegal - Revistas de Educa\u00e7\u00e3o Ampla\",\"description\":\"Revistas da Plataforma de Educa\u00e7\u00e3o Ampla, Ci\u00eancias e Cultura Sist\u00eamica.\",\"publisher\":{\"@id\":\"https:\\\/\\\/aescolalegal.com.br\\\/#organization\"},\"potentialAction\":[{\"@type\":\"SearchAction\",\"target\":{\"@type\":\"EntryPoint\",\"urlTemplate\":\"https:\\\/\\\/aescolalegal.com.br\\\/?s={search_term_string}\"},\"query-input\":{\"@type\":\"PropertyValueSpecification\",\"valueRequired\":true,\"valueName\":\"search_term_string\"}}],\"inLanguage\":\"pt-PT\"},{\"@type\":\"Organization\",\"@id\":\"https:\\\/\\\/aescolalegal.com.br\\\/#organization\",\"name\":\"AEscolaLegal - Revistas de Educa\u00e7\u00e3o Ampla\",\"url\":\"https:\\\/\\\/aescolalegal.com.br\\\/\",\"logo\":{\"@type\":\"ImageObject\",\"inLanguage\":\"pt-PT\",\"@id\":\"https:\\\/\\\/aescolalegal.com.br\\\/#\\\/schema\\\/logo\\\/image\\\/\",\"url\":\"https:\\\/\\\/aescolalegal.com.br\\\/wp-content\\\/uploads\\\/2026\\\/04\\\/cropped-cropped-logo-transparece-1.jpg\",\"contentUrl\":\"https:\\\/\\\/aescolalegal.com.br\\\/wp-content\\\/uploads\\\/2026\\\/04\\\/cropped-cropped-logo-transparece-1.jpg\",\"width\":368,\"height\":141,\"caption\":\"AEscolaLegal - Revistas de Educa\u00e7\u00e3o Ampla\"},\"image\":{\"@id\":\"https:\\\/\\\/aescolalegal.com.br\\\/#\\\/schema\\\/logo\\\/image\\\/\"}}]}<\/script>\n<!-- \/ Yoast SEO plugin. -->","yoast_head_json":{"title":"Colunistas - a 'anima sapiens' da Revista - AEscolaLegal - Revistas de Educa\u00e7\u00e3o Ampla","robots":{"index":"noindex","follow":"follow","max-snippet":"max-snippet:-1","max-image-preview":"max-image-preview:large","max-video-preview":"max-video-preview:-1"},"og_locale":"pt_PT","og_type":"article","og_title":"Colunistas - a 'anima sapiens' da Revista - AEscolaLegal - Revistas de Educa\u00e7\u00e3o Ampla","og_description":"Um grupo seleto de homens e mulheres fazem parte da equipe de colunistas das revistas da Plataforma AEscolaLegal. S\u00e3o doutores, acad\u00eamicos, cientistas de diversas a\u0155eas do conhecimento, mas n\u00e3o se restringem as suas especificidades. A abrang\u00eancia de suas atividades, bem como suas hist\u00f3rias de vida e capital intelectual acumulado, no Brasil e fora dele, os [&hellip;]","og_url":"https:\/\/aescolalegal.com.br\/?page_id=63","og_site_name":"AEscolaLegal - Revistas de Educa\u00e7\u00e3o Ampla","article_modified_time":"2026-05-11T18:51:50+00:00","og_image":[{"width":377,"height":295,"url":"https:\/\/aescolalegal.com.br\/wp-content\/uploads\/2026\/05\/pesquisa-colunistas.jpg","type":"image\/jpeg"}],"twitter_card":"summary_large_image","twitter_misc":{"Tempo estimado de leitura":"2 minutos"},"schema":{"@context":"https:\/\/schema.org","@graph":[{"@type":"WebPage","@id":"https:\/\/aescolalegal.com.br\/?page_id=63","url":"https:\/\/aescolalegal.com.br\/?page_id=63","name":"Colunistas - a 'anima sapiens' da Revista - AEscolaLegal - Revistas de Educa\u00e7\u00e3o Ampla","isPartOf":{"@id":"https:\/\/aescolalegal.com.br\/#website"},"primaryImageOfPage":{"@id":"https:\/\/aescolalegal.com.br\/?page_id=63#primaryimage"},"image":{"@id":"https:\/\/aescolalegal.com.br\/?page_id=63#primaryimage"},"thumbnailUrl":"https:\/\/aescolalegal.com.br\/wp-content\/uploads\/2026\/05\/pesquisa-colunistas.jpg","datePublished":"2026-04-09T20:15:13+00:00","dateModified":"2026-05-11T18:51:50+00:00","breadcrumb":{"@id":"https:\/\/aescolalegal.com.br\/?page_id=63#breadcrumb"},"inLanguage":"pt-PT","potentialAction":[{"@type":"ReadAction","target":["https:\/\/aescolalegal.com.br\/?page_id=63"]}]},{"@type":"ImageObject","inLanguage":"pt-PT","@id":"https:\/\/aescolalegal.com.br\/?page_id=63#primaryimage","url":"https:\/\/aescolalegal.com.br\/wp-content\/uploads\/2026\/05\/pesquisa-colunistas.jpg","contentUrl":"https:\/\/aescolalegal.com.br\/wp-content\/uploads\/2026\/05\/pesquisa-colunistas.jpg","width":377,"height":295,"caption":"Colunistas anima sapiens"},{"@type":"BreadcrumbList","@id":"https:\/\/aescolalegal.com.br\/?page_id=63#breadcrumb","itemListElement":[{"@type":"ListItem","position":1,"name":"In\u00edcio","item":"https:\/\/aescolalegal.com.br\/"},{"@type":"ListItem","position":2,"name":"Colunistas &#8211; a &#8216;anima sapiens&#8217; da Revista"}]},{"@type":"WebSite","@id":"https:\/\/aescolalegal.com.br\/#website","url":"https:\/\/aescolalegal.com.br\/","name":"AEscolaLegal - Revistas de Educa\u00e7\u00e3o Ampla","description":"Revistas da Plataforma de Educa\u00e7\u00e3o Ampla, Ci\u00eancias e Cultura Sist\u00eamica.","publisher":{"@id":"https:\/\/aescolalegal.com.br\/#organization"},"potentialAction":[{"@type":"SearchAction","target":{"@type":"EntryPoint","urlTemplate":"https:\/\/aescolalegal.com.br\/?s={search_term_string}"},"query-input":{"@type":"PropertyValueSpecification","valueRequired":true,"valueName":"search_term_string"}}],"inLanguage":"pt-PT"},{"@type":"Organization","@id":"https:\/\/aescolalegal.com.br\/#organization","name":"AEscolaLegal - Revistas de Educa\u00e7\u00e3o Ampla","url":"https:\/\/aescolalegal.com.br\/","logo":{"@type":"ImageObject","inLanguage":"pt-PT","@id":"https:\/\/aescolalegal.com.br\/#\/schema\/logo\/image\/","url":"https:\/\/aescolalegal.com.br\/wp-content\/uploads\/2026\/04\/cropped-cropped-logo-transparece-1.jpg","contentUrl":"https:\/\/aescolalegal.com.br\/wp-content\/uploads\/2026\/04\/cropped-cropped-logo-transparece-1.jpg","width":368,"height":141,"caption":"AEscolaLegal - Revistas de Educa\u00e7\u00e3o Ampla"},"image":{"@id":"https:\/\/aescolalegal.com.br\/#\/schema\/logo\/image\/"}}]}},"_links":{"self":[{"href":"https:\/\/aescolalegal.com.br\/index.php?rest_route=\/wp\/v2\/pages\/63","targetHints":{"allow":["GET"]}}],"collection":[{"href":"https:\/\/aescolalegal.com.br\/index.php?rest_route=\/wp\/v2\/pages"}],"about":[{"href":"https:\/\/aescolalegal.com.br\/index.php?rest_route=\/wp\/v2\/types\/page"}],"author":[{"embeddable":true,"href":"https:\/\/aescolalegal.com.br\/index.php?rest_route=\/wp\/v2\/users\/1"}],"replies":[{"embeddable":true,"href":"https:\/\/aescolalegal.com.br\/index.php?rest_route=%2Fwp%2Fv2%2Fcomments&post=63"}],"version-history":[{"count":6,"href":"https:\/\/aescolalegal.com.br\/index.php?rest_route=\/wp\/v2\/pages\/63\/revisions"}],"predecessor-version":[{"id":3043,"href":"https:\/\/aescolalegal.com.br\/index.php?rest_route=\/wp\/v2\/pages\/63\/revisions\/3043"}],"wp:featuredmedia":[{"embeddable":true,"href":"https:\/\/aescolalegal.com.br\/index.php?rest_route=\/wp\/v2\/media\/2904"}],"wp:attachment":[{"href":"https:\/\/aescolalegal.com.br\/index.php?rest_route=%2Fwp%2Fv2%2Fmedia&parent=63"}],"curies":[{"name":"wp","href":"https:\/\/api.w.org\/{rel}","templated":true}]}}